{"id":97,"date":"2024-07-11T01:42:46","date_gmt":"2024-07-11T04:42:46","guid":{"rendered":"https:\/\/modelos.prodnsserver.com.br\/petshop\/?post_type=product&#038;p=97"},"modified":"2024-07-11T01:55:28","modified_gmt":"2024-07-11T04:55:28","slug":"racao-seca-nutrilus-pro-salmao-para-gatos-adultos-castrados","status":"publish","type":"product","link":"https:\/\/modelos.prodnsserver.com.br\/petshop\/produto\/racao-seca-nutrilus-pro-salmao-para-gatos-adultos-castrados\/","title":{"rendered":"Ra\u00e7\u00e3o Seca Nutrilus Pro+ Salm\u00e3o para Gatos Adultos Castrados"},"content":{"rendered":"<div>\n<p class=\"my-6\">Nutrilus Pro+ Gatos Adultos Castrados \u00e9 uma ra\u00e7\u00e3o premium especial, desenvolvida por m\u00e9dicos veterin\u00e1rios, com ingredientes selecionados, sem corantes e sem aromatizantes artificiais, garantindo uma alimenta\u00e7\u00e3o balanceada mais saborosa e nutritiva. Mais sabor, mais prote\u00edna e mais nutri\u00e7\u00e3o.<\/p>\n<p>Garantia de Satisfa\u00e7\u00e3o: Nutrilus acredita que a satisfa\u00e7\u00e3o \u00e9 um comprometimento com a vida do pet, e garantimos voc\u00ea e seu pet satisfeitos ou seu dinheiro de volta.<\/p>\n<p>&#8211; Trato urin\u00e1rio saud\u00e1vel: formulado com quantidades equilibradas de minerais para auxiliar no controle do pH urin\u00e1rio;<br \/>\n&#8211; Prote\u00ednas de alta qualidade: favorece o \u00f3timo aproveitamento dos nutrientes para a manuten\u00e7\u00e3o da musculatura e condi\u00e7\u00e3o corporal ideal;<br \/>\n&#8211; Intestino saud\u00e1vel: com fibras que favorecem uma fun\u00e7\u00e3o intestinal regular;<br \/>\n&#8211; Pelagem macia e brilhante: aporte equilibrado de \u00e1cidos graxos essenciais, \u00f4mega 3 e 6, vitaminas e minerais;<br \/>\n&#8211; Redu\u00e7\u00e3o do odor das fezes: com extrato de yucca, ideal para ambientes internos;<br \/>\n&#8211; Controle de peso: com n\u00edvel reduzido de calorias e gorduras, e enriquecido com L-carnitina.<\/p>\n<p>&#8211; Sabor: Carne<br \/>\n&#8211; Embalagem: dispon\u00edvel na vers\u00e3o de 10,1kg<br \/>\n&#8211; Tamanho m\u00e9dio do gr\u00e3o: 8,5 mm<br \/>\n&#8211; Indicado para: gatos adultos castrados<\/p>\n<\/div>\n<div class=\"my-6\">Cod: 2661134<\/div>\n<div class=\"my-6\">\n<p><span class=\"font-body font-bold\">Detalhes<\/span><\/p>\n<p class=\"my-6\">A Nutrilus \u00e9 uma marca de ra\u00e7\u00e3o para cachorros e gatos desenvolvida por m\u00e9dicos veterin\u00e1rios e produzida com ingredientes selecionados, sem corantes e sem aromatizantes artificiais, que oferece uma alimenta\u00e7\u00e3o balanceada, nutritiva e saborosa ao animal. \u00c9 uma ra\u00e7\u00e3o premium especial que proporciona nutri\u00e7\u00e3o de alta qualidade com um dos melhores custo-benef\u00edcio do mercado pet. Perfeita para nutrir e alegrar o seu pet! Com venda exclusiva nos canais da Petlove, voc\u00ea encontra a ra\u00e7\u00e3o Nutrilus para cachorros filhotes, adultos e idosos e para gatos adultos e castrados. Nutrilus garante voc\u00ea e seu pet satisfeitos: a nutri\u00e7\u00e3o dos c\u00e3es e gatos e satisfa\u00e7\u00e3o dos tutores s\u00e3o nossos maiores objetivos.<\/p>\n<\/div>\n","protected":false},"excerpt":{"rendered":"<p>Nutrilus Pro+ Gatos Adultos Castrados \u00e9 uma ra\u00e7\u00e3o premium especial, desenvolvida por m\u00e9dicos veterin\u00e1rios, com ingredientes selecionados, sem corantes e sem aromatizantes artificiais, garantindo uma alimenta\u00e7\u00e3o balanceada mais saborosa e nutritiva. Mais sabor, mais prote\u00edna e mais nutri\u00e7\u00e3o. Garantia de Satisfa\u00e7\u00e3o: Nutrilus acredita que a satisfa\u00e7\u00e3o \u00e9 um comprometimento com a vida do pet, e [&hellip;]<\/p>\n","protected":false},"featured_media":100,"comment_status":"open","ping_status":"closed","template":"","meta":[],"pwb-brand":[27],"product_brand":[],"product_cat":[28],"product_tag":[],"class_list":{"0":"post-97","1":"product","2":"type-product","3":"status-publish","4":"has-post-thumbnail","6":"pwb-brand-nutrilus","7":"product_cat-racao-para-gatos","9":"first","10":"instock","11":"sale","12":"shipping-taxable","13":"purchasable","14":"product-type-simple"},"jetpack_sharing_enabled":true,"brands":[{"id":27,"name":"Nutrilus","slug":"nutrilus"}],"_links":{"self":[{"href":"https:\/\/modelos.prodnsserver.com.br\/petshop\/wp-json\/wp\/v2\/product\/97","targetHints":{"allow":["GET"]}}],"collection":[{"href":"https:\/\/modelos.prodnsserver.com.br\/petshop\/wp-json\/wp\/v2\/product"}],"about":[{"href":"https:\/\/modelos.prodnsserver.com.br\/petshop\/wp-json\/wp\/v2\/types\/product"}],"replies":[{"embeddable":true,"href":"https:\/\/modelos.prodnsserver.com.br\/petshop\/wp-json\/wp\/v2\/comments?post=97"}],"version-history":[{"count":2,"href":"https:\/\/modelos.prodnsserver.com.br\/petshop\/wp-json\/wp\/v2\/product\/97\/revisions"}],"predecessor-version":[{"id":101,"href":"https:\/\/modelos.prodnsserver.com.br\/petshop\/wp-json\/wp\/v2\/product\/97\/revisions\/101"}],"wp:featuredmedia":[{"embeddable":true,"href":"https:\/\/modelos.prodnsserver.com.br\/petshop\/wp-json\/wp\/v2\/media\/100"}],"wp:attachment":[{"href":"https:\/\/modelos.prodnsserver.com.br\/petshop\/wp-json\/wp\/v2\/media?parent=97"}],"wp:term":[{"taxonomy":"pwb-brand","embeddable":true,"href":"https:\/\/modelos.prodnsserver.com.br\/petshop\/wp-json\/wp\/v2\/pwb-brand?post=97"},{"taxonomy":"product_brand","embeddable":true,"href":"https:\/\/modelos.prodnsserver.com.br\/petshop\/wp-json\/wp\/v2\/product_brand?post=97"},{"taxonomy":"product_cat","embeddable":true,"href":"https:\/\/modelos.prodnsserver.com.br\/petshop\/wp-json\/wp\/v2\/product_cat?post=97"},{"taxonomy":"product_tag","embeddable":true,"href":"https:\/\/modelos.prodnsserver.com.br\/petshop\/wp-json\/wp\/v2\/product_tag?post=97"}],"curies":[{"name":"wp","href":"https:\/\/api.w.org\/{rel}","templated":true}]}}