{"id":86,"date":"2024-07-11T01:17:46","date_gmt":"2024-07-11T04:17:46","guid":{"rendered":"https:\/\/modelos.prodnsserver.com.br\/petshop\/?post_type=product&#038;p=86"},"modified":"2024-07-11T01:32:26","modified_gmt":"2024-07-11T04:32:26","slug":"racao-seca-nutrilus-pro-frango-carne-para-caes-adultos-de-racas-medias-e-grandes","status":"publish","type":"product","link":"https:\/\/modelos.prodnsserver.com.br\/petshop\/produto\/racao-seca-nutrilus-pro-frango-carne-para-caes-adultos-de-racas-medias-e-grandes\/","title":{"rendered":"Ra\u00e7\u00e3o Seca Nutrilus Pro+ Frango &#038; Carne para C\u00e3es Adultos de Ra\u00e7as M\u00e9dias e Grandes"},"content":{"rendered":"\t\t<div data-elementor-type=\"product-post\" data-elementor-id=\"86\" class=\"elementor elementor-86\" data-elementor-post-type=\"product\">\n\t\t\t\t<div class=\"elementor-element elementor-element-11d843b9 e-flex e-con-boxed e-con e-parent\" data-id=\"11d843b9\" data-element_type=\"container\">\n\t\t\t\t\t<div class=\"e-con-inner\">\n\t\t\t\t<div class=\"elementor-element elementor-element-6012a49b elementor-widget elementor-widget-text-editor\" data-id=\"6012a49b\" data-element_type=\"widget\" data-widget_type=\"text-editor.default\">\n\t\t\t\t<div class=\"elementor-widget-container\">\n\t\t\t<style>\/*! elementor - v3.21.0 - 08-05-2024 *\/\n.elementor-widget-text-editor.elementor-drop-cap-view-stacked .elementor-drop-cap{background-color:#69727d;color:#fff}.elementor-widget-text-editor.elementor-drop-cap-view-framed .elementor-drop-cap{color:#69727d;border:3px solid;background-color:transparent}.elementor-widget-text-editor:not(.elementor-drop-cap-view-default) .elementor-drop-cap{margin-top:8px}.elementor-widget-text-editor:not(.elementor-drop-cap-view-default) .elementor-drop-cap-letter{width:1em;height:1em}.elementor-widget-text-editor .elementor-drop-cap{float:left;text-align:center;line-height:1;font-size:50px}.elementor-widget-text-editor .elementor-drop-cap-letter{display:inline-block}<\/style>\t\t\t\t<div>\r\n<p class=\"my-6\">Nutrilus Pro+ C\u00e3es Adultos \u00e9 uma ra\u00e7\u00e3o premium especial, desenvolvida por m\u00e9dicos veterin\u00e1rios, com ingredientes selecionados, sem corantes e sem aromatizantes artificiais, garantindo uma alimenta\u00e7\u00e3o balanceada mais saborosa e nutritiva. Mais sabor, mais prote\u00edna e mais nutri\u00e7\u00e3o.\r\n\r\nGarantia de Satisfa\u00e7\u00e3o: Nutrilus acredita que a satisfa\u00e7\u00e3o \u00e9 um comprometimento com a vida do pet, e garantimos voc\u00ea e seu pet satisfeitos ou seu dinheiro de volta..*\r\n\r\n&#8211; Prote\u00ednas de alta qualidade: favorece o \u00f3timo aproveitamento dos nutrientes para a manuten\u00e7\u00e3o da musculatura e condi\u00e7\u00e3o corporal ideal;\r\n&#8211; Intestino saud\u00e1vel: com fibras que favorecem uma fun\u00e7\u00e3o intestinal regular;\r\n&#8211; Redu\u00e7\u00e3o do odor das fezes: com extrato de yucca, ideal para ambientes internos;\r\n&#8211; Pelagem macia e brilhante: aporte equilibrado de \u00e1cidos graxos essenciais, \u00f4megas 3 e 6, vitaminas e minerais;\r\n&#8211; Defesa do organismo: enriquecido com DHA que contribui para a redu\u00e7\u00e3o de inflama\u00e7\u00f5es e sa\u00fade do cora\u00e7\u00e3o.\r\n\r\n&#8211; Sabor: Frango &amp; Carne\r\n&#8211; Embalagem: dispon\u00edvel nas vers\u00f5es de 15kg e 20kg\r\n&#8211; Tamanho m\u00e9dio do gr\u00e3o: 13,5mm\r\n&#8211; Indicado para: c\u00e3es adultos de ra\u00e7as m\u00e9dias e grandes<\/p>\r\n\r\n<\/div>\r\n<div class=\"my-6\">Cod: 2492303<\/div>\r\n<div class=\"my-6\"><span class=\"font-body font-bold\">Detalhes<\/span>\r\n<p class=\"my-6\">A Nutrilus \u00e9 uma marca de ra\u00e7\u00e3o para cachorros e gatos desenvolvida por m\u00e9dicos veterin\u00e1rios e produzida com ingredientes selecionados, sem corantes e sem aromatizantes artificiais, que oferece uma alimenta\u00e7\u00e3o balanceada, nutritiva e saborosa ao animal. \u00c9 uma ra\u00e7\u00e3o premium especial que proporciona nutri\u00e7\u00e3o de alta qualidade com um dos melhores custo-benef\u00edcio do mercado pet. Perfeita para nutrir e alegrar o seu pet! Com venda exclusiva nos canais da Petlove, voc\u00ea encontra a ra\u00e7\u00e3o Nutrilus para cachorros filhotes, adultos e idosos e para gatos adultos e castrados.<\/p>\r\n\r\n<\/div>\t\t\t\t\t\t<\/div>\n\t\t\t\t<\/div>\n\t\t\t\t\t<\/div>\n\t\t\t\t<\/div>\n\t\t<div class=\"elementor-element elementor-element-1214ec0 e-flex e-con-boxed e-con e-parent\" data-id=\"1214ec0\" data-element_type=\"container\">\n\t\t\t\t\t<div class=\"e-con-inner\">\n\t\t\t\t<div class=\"elementor-element elementor-element-b112f55 elementor-widget elementor-widget-image\" data-id=\"b112f55\" data-element_type=\"widget\" data-widget_type=\"image.default\">\n\t\t\t\t<div class=\"elementor-widget-container\">\n\t\t\t<style>\/*! elementor - v3.21.0 - 08-05-2024 *\/\n.elementor-widget-image{text-align:center}.elementor-widget-image a{display:inline-block}.elementor-widget-image a img[src$=\".svg\"]{width:48px}.elementor-widget-image img{vertical-align:middle;display:inline-block}<\/style>\t\t\t\t\t\t\t\t\t\t<img fetchpriority=\"high\" decoding=\"async\" width=\"467\" height=\"1024\" src=\"https:\/\/modelos.prodnsserver.com.br\/petshop\/wp-content\/uploads\/2024\/07\/Econtent_Nutrilus-Pro__C_es-Adultos-Porte-Medio-Grande-467x1024.webp\" class=\"attachment-large size-large wp-image-90\" alt=\"\" srcset=\"https:\/\/modelos.prodnsserver.com.br\/petshop\/wp-content\/uploads\/2024\/07\/Econtent_Nutrilus-Pro__C_es-Adultos-Porte-Medio-Grande-467x1024.webp 467w, https:\/\/modelos.prodnsserver.com.br\/petshop\/wp-content\/uploads\/2024\/07\/Econtent_Nutrilus-Pro__C_es-Adultos-Porte-Medio-Grande-137x300.webp 137w, https:\/\/modelos.prodnsserver.com.br\/petshop\/wp-content\/uploads\/2024\/07\/Econtent_Nutrilus-Pro__C_es-Adultos-Porte-Medio-Grande-768x1683.webp 768w, https:\/\/modelos.prodnsserver.com.br\/petshop\/wp-content\/uploads\/2024\/07\/Econtent_Nutrilus-Pro__C_es-Adultos-Porte-Medio-Grande-701x1536.webp 701w, https:\/\/modelos.prodnsserver.com.br\/petshop\/wp-content\/uploads\/2024\/07\/Econtent_Nutrilus-Pro__C_es-Adultos-Porte-Medio-Grande-934x2048.webp 934w, https:\/\/modelos.prodnsserver.com.br\/petshop\/wp-content\/uploads\/2024\/07\/Econtent_Nutrilus-Pro__C_es-Adultos-Porte-Medio-Grande-600x1315.webp 600w, https:\/\/modelos.prodnsserver.com.br\/petshop\/wp-content\/uploads\/2024\/07\/Econtent_Nutrilus-Pro__C_es-Adultos-Porte-Medio-Grande-64x140.webp 64w, https:\/\/modelos.prodnsserver.com.br\/petshop\/wp-content\/uploads\/2024\/07\/Econtent_Nutrilus-Pro__C_es-Adultos-Porte-Medio-Grande.webp 1000w\" sizes=\"(max-width: 467px) 100vw, 467px\" \/>\t\t\t\t\t\t\t\t\t\t\t\t\t<\/div>\n\t\t\t\t<\/div>\n\t\t\t\t\t<\/div>\n\t\t\t\t<\/div>\n\t\t\t\t<\/div>\n\t\t","protected":false},"excerpt":{"rendered":"<p>Nutrilus Pro+ C\u00e3es Adultos \u00e9 uma ra\u00e7\u00e3o premium especial, desenvolvida por m\u00e9dicos veterin\u00e1rios, com ingredientes selecionados, sem corantes e sem aromatizantes artificiais, garantindo uma alimenta\u00e7\u00e3o balanceada mais saborosa e nutritiva. Mais sabor, mais prote\u00edna e mais nutri\u00e7\u00e3o. Garantia de Satisfa\u00e7\u00e3o: Nutrilus acredita que a satisfa\u00e7\u00e3o \u00e9 um comprometimento com a vida do pet, e garantimos [&hellip;]<\/p>\n","protected":false},"featured_media":88,"comment_status":"open","ping_status":"closed","template":"","meta":[],"pwb-brand":[27],"product_brand":[],"product_cat":[23],"product_tag":[],"class_list":{"0":"post-86","1":"product","2":"type-product","3":"status-publish","4":"has-post-thumbnail","6":"pwb-brand-nutrilus","7":"product_cat-racao-para-caes","9":"first","10":"instock","11":"sale","12":"shipping-taxable","13":"purchasable","14":"product-type-simple"},"jetpack_sharing_enabled":true,"brands":[{"id":27,"name":"Nutrilus","slug":"nutrilus"}],"_links":{"self":[{"href":"https:\/\/modelos.prodnsserver.com.br\/petshop\/wp-json\/wp\/v2\/product\/86","targetHints":{"allow":["GET"]}}],"collection":[{"href":"https:\/\/modelos.prodnsserver.com.br\/petshop\/wp-json\/wp\/v2\/product"}],"about":[{"href":"https:\/\/modelos.prodnsserver.com.br\/petshop\/wp-json\/wp\/v2\/types\/product"}],"replies":[{"embeddable":true,"href":"https:\/\/modelos.prodnsserver.com.br\/petshop\/wp-json\/wp\/v2\/comments?post=86"}],"version-history":[{"count":7,"href":"https:\/\/modelos.prodnsserver.com.br\/petshop\/wp-json\/wp\/v2\/product\/86\/revisions"}],"predecessor-version":[{"id":96,"href":"https:\/\/modelos.prodnsserver.com.br\/petshop\/wp-json\/wp\/v2\/product\/86\/revisions\/96"}],"wp:featuredmedia":[{"embeddable":true,"href":"https:\/\/modelos.prodnsserver.com.br\/petshop\/wp-json\/wp\/v2\/media\/88"}],"wp:attachment":[{"href":"https:\/\/modelos.prodnsserver.com.br\/petshop\/wp-json\/wp\/v2\/media?parent=86"}],"wp:term":[{"taxonomy":"pwb-brand","embeddable":true,"href":"https:\/\/modelos.prodnsserver.com.br\/petshop\/wp-json\/wp\/v2\/pwb-brand?post=86"},{"taxonomy":"product_brand","embeddable":true,"href":"https:\/\/modelos.prodnsserver.com.br\/petshop\/wp-json\/wp\/v2\/product_brand?post=86"},{"taxonomy":"product_cat","embeddable":true,"href":"https:\/\/modelos.prodnsserver.com.br\/petshop\/wp-json\/wp\/v2\/product_cat?post=86"},{"taxonomy":"product_tag","embeddable":true,"href":"https:\/\/modelos.prodnsserver.com.br\/petshop\/wp-json\/wp\/v2\/product_tag?post=86"}],"curies":[{"name":"wp","href":"https:\/\/api.w.org\/{rel}","templated":true}]}}