{"id":82,"date":"2024-07-11T01:08:35","date_gmt":"2024-07-11T04:08:35","guid":{"rendered":"https:\/\/modelos.prodnsserver.com.br\/petshop\/?post_type=product&#038;p=82"},"modified":"2024-07-11T01:12:41","modified_gmt":"2024-07-11T04:12:41","slug":"tapete-higienico-papum-60x55cm-para-caes-de-pequeno-porte","status":"publish","type":"product","link":"https:\/\/modelos.prodnsserver.com.br\/petshop\/produto\/tapete-higienico-papum-60x55cm-para-caes-de-pequeno-porte\/","title":{"rendered":"Tapete Higi\u00eanico Papum 60x55cm para C\u00e3es de Pequeno Porte"},"content":{"rendered":"<div>\n<p class=\"my-6\">&#8211; R\u00e1pida absor\u00e7\u00e3o do xixi;<br \/>\n&#8211; Combate ao mau cheiro;<br \/>\n&#8211; Barreira Antivazamento;<br \/>\n&#8211; Mantem as patinhas secas;<br \/>\n&#8211; Fitas adesivas ultra aderentes;<br \/>\n&#8211; Garantia de Satisfa\u00e7\u00e3o: Papum garante voc\u00ea e seu pet satisfeitos &#8211; saiba mais abaixo nos detalhes;<br \/>\n&#8211; <strong>Para c\u00e3es de pequeno porte e filhotes.<\/strong><\/p>\n<p>* EXCLUSIVO PETLOVE<\/p>\n<\/div>\n<div class=\"my-6\">Cod: 31027530213<\/div>\n<div class=\"my-6\">\n<p><span class=\"font-body font-bold\">Detalhes<\/span><\/p>\n<p class=\"my-6\">O <strong>Tapete Higi\u00eanico Papum 60x55cm para C\u00e3es de Pequeno Porte<\/strong> \u00e9 indicado para c\u00e3es de pequeno porte e filhotes, possui 4 fitas para fixa\u00e7\u00e3o, canais para distribui\u00e7\u00e3o dos l\u00edquidos em forma de diamante para maior performance e r\u00e1pida absor\u00e7\u00e3o de todo o xixi, al\u00e9m de compacta\u00e7\u00e3o para garantir que o produto n\u00e3o desmonte quando estiver molhado. S\u00e3o fabricados com mat\u00e9ria-prima 100% virgem que garantem um produto livre de contamina\u00e7\u00e3o e r\u00e1pida absor\u00e7\u00e3o de todo o xixi, pois conta com um gel tecnol\u00f3gico, que neutraliza aquele cheiro ruim e ainda deixa as patinhas dos c\u00e3es seca.<\/p>\n<\/div>\n","protected":false},"excerpt":{"rendered":"<p>&#8211; R\u00e1pida absor\u00e7\u00e3o do xixi; &#8211; Combate ao mau cheiro; &#8211; Barreira Antivazamento; &#8211; Mantem as patinhas secas; &#8211; Fitas adesivas ultra aderentes; &#8211; Garantia de Satisfa\u00e7\u00e3o: Papum garante voc\u00ea e seu pet satisfeitos &#8211; saiba mais abaixo nos detalhes; &#8211; Para c\u00e3es de pequeno porte e filhotes. * EXCLUSIVO PETLOVE Cod: 31027530213 Detalhes O [&hellip;]<\/p>\n","protected":false},"featured_media":84,"comment_status":"open","ping_status":"closed","template":"","meta":[],"pwb-brand":[26],"product_brand":[],"product_cat":[25],"product_tag":[],"class_list":{"0":"post-82","1":"product","2":"type-product","3":"status-publish","4":"has-post-thumbnail","6":"pwb-brand-papum","7":"product_cat-tapete-higienico-para-caes","9":"first","10":"instock","11":"sale","12":"shipping-taxable","13":"purchasable","14":"product-type-simple"},"jetpack_sharing_enabled":true,"brands":[{"id":26,"name":"Papum","slug":"papum"}],"_links":{"self":[{"href":"https:\/\/modelos.prodnsserver.com.br\/petshop\/wp-json\/wp\/v2\/product\/82","targetHints":{"allow":["GET"]}}],"collection":[{"href":"https:\/\/modelos.prodnsserver.com.br\/petshop\/wp-json\/wp\/v2\/product"}],"about":[{"href":"https:\/\/modelos.prodnsserver.com.br\/petshop\/wp-json\/wp\/v2\/types\/product"}],"replies":[{"embeddable":true,"href":"https:\/\/modelos.prodnsserver.com.br\/petshop\/wp-json\/wp\/v2\/comments?post=82"}],"version-history":[{"count":3,"href":"https:\/\/modelos.prodnsserver.com.br\/petshop\/wp-json\/wp\/v2\/product\/82\/revisions"}],"predecessor-version":[{"id":87,"href":"https:\/\/modelos.prodnsserver.com.br\/petshop\/wp-json\/wp\/v2\/product\/82\/revisions\/87"}],"wp:featuredmedia":[{"embeddable":true,"href":"https:\/\/modelos.prodnsserver.com.br\/petshop\/wp-json\/wp\/v2\/media\/84"}],"wp:attachment":[{"href":"https:\/\/modelos.prodnsserver.com.br\/petshop\/wp-json\/wp\/v2\/media?parent=82"}],"wp:term":[{"taxonomy":"pwb-brand","embeddable":true,"href":"https:\/\/modelos.prodnsserver.com.br\/petshop\/wp-json\/wp\/v2\/pwb-brand?post=82"},{"taxonomy":"product_brand","embeddable":true,"href":"https:\/\/modelos.prodnsserver.com.br\/petshop\/wp-json\/wp\/v2\/product_brand?post=82"},{"taxonomy":"product_cat","embeddable":true,"href":"https:\/\/modelos.prodnsserver.com.br\/petshop\/wp-json\/wp\/v2\/product_cat?post=82"},{"taxonomy":"product_tag","embeddable":true,"href":"https:\/\/modelos.prodnsserver.com.br\/petshop\/wp-json\/wp\/v2\/product_tag?post=82"}],"curies":[{"name":"wp","href":"https:\/\/api.w.org\/{rel}","templated":true}]}}