{"id":69,"date":"2024-07-11T00:43:32","date_gmt":"2024-07-11T03:43:32","guid":{"rendered":"https:\/\/modelos.prodnsserver.com.br\/petshop\/?post_type=product&#038;p=69"},"modified":"2024-07-11T00:54:01","modified_gmt":"2024-07-11T03:54:01","slug":"racao-seca-true-para-caes-adultos-racas-pequenas","status":"publish","type":"product","link":"https:\/\/modelos.prodnsserver.com.br\/petshop\/produto\/racao-seca-true-para-caes-adultos-racas-pequenas\/","title":{"rendered":"Ra\u00e7\u00e3o Seca True para C\u00e3es Adultos Ra\u00e7as Pequenas"},"content":{"rendered":"<div>\n<p class=\"my-6\">Inspirada no amor que sentimos por eles, a True foi desenvolvida para oferecer a melhor alimenta\u00e7\u00e3o para os nossos pets.<\/p>\n<p>&#8211; Ra\u00e7\u00e3o natural feita com ingredientes deliciosos: frango, batata-doce, br\u00f3colis, cenoura e arroz integral;<br \/>\n&#8211; Feita com carne de verdade, sem farinha de v\u00edsceras;<br \/>\n&#8211; Sem transg\u00eanicos, sem corantes e sem conservantes artificiais;<br \/>\n&#8211; Saud\u00e1vel e nutritiva, enriquecida com Natural Complex: composto natural rico em extratos herbais, algas, fibras e prebi\u00f3ticos para refor\u00e7ar as defesas do organismo;<\/p>\n<p>&#8211; Ingredientes funcionais:<br \/>\n&#8211; Hexametamosfato de s\u00f3dio para preven\u00e7\u00e3o de t\u00e1rtaro;<br \/>\n&#8211; Extrato de yucca para redu\u00e7\u00e3o do odor das fezes;<br \/>\n&#8211; Condroitina e glicosamina para sa\u00fade das articula\u00e7\u00f5es;<br \/>\n&#8211; Com fibras e prebi\u00f3ticos para a sa\u00fade intestinal;<\/p>\n<p>True Amor de Verdade, Ingredientes de Verdade.<\/p>\n<p>&#8211; Este produto possui Satisfa\u00e7\u00e3o Garantida. Saiba mais abaixo na descri\u00e7\u00e3o<\/p>\n<\/div>\n<div class=\"my-6\">Cod: 2638253<\/div>\n<div class=\"my-6\">\n<p><span class=\"font-body font-bold\">Detalhes<\/span><\/p>\n<p class=\"my-6\">A <strong>Ra\u00e7\u00e3o para cachorro True, feita para C\u00e3es Adultos Ra\u00e7as Pequenas 2,5kg<\/strong> \u00e9 um alimento completo e super premium natural.<\/p>\n<p>&#8211; Feita com ingredientes naturais e deliciosos: frango, batata-doce, br\u00f3colis, cenoura e arroz integral;<br \/>\n&#8211; Feita com carne de verdade, sem farinha de v\u00edsceras;<br \/>\n&#8211; Sem transg\u00eanicos, corantes e conservantes artificiais;<br \/>\n&#8211; Enriquecido com Natural Complex: composto natural exclusivo rico em antioxidantes para refor\u00e7ar as defesas do organismo;<\/p>\n<p>True Amor de Verdade, Ingrediente de Verdade.<\/p>\n<\/div>\n","protected":false},"excerpt":{"rendered":"<p>Inspirada no amor que sentimos por eles, a True foi desenvolvida para oferecer a melhor alimenta\u00e7\u00e3o para os nossos pets. &#8211; Ra\u00e7\u00e3o natural feita com ingredientes deliciosos: frango, batata-doce, br\u00f3colis, cenoura e arroz integral; &#8211; Feita com carne de verdade, sem farinha de v\u00edsceras; &#8211; Sem transg\u00eanicos, sem corantes e sem conservantes artificiais; &#8211; Saud\u00e1vel [&hellip;]<\/p>\n","protected":false},"featured_media":71,"comment_status":"open","ping_status":"closed","template":"","meta":[],"pwb-brand":[24],"product_brand":[],"product_cat":[23],"product_tag":[],"class_list":{"0":"post-69","1":"product","2":"type-product","3":"status-publish","4":"has-post-thumbnail","6":"pwb-brand-true","7":"product_cat-racao-para-caes","9":"first","10":"instock","11":"sale","12":"shipping-taxable","13":"purchasable","14":"product-type-simple"},"jetpack_sharing_enabled":true,"brands":[{"id":24,"name":"True","slug":"true"}],"_links":{"self":[{"href":"https:\/\/modelos.prodnsserver.com.br\/petshop\/wp-json\/wp\/v2\/product\/69","targetHints":{"allow":["GET"]}}],"collection":[{"href":"https:\/\/modelos.prodnsserver.com.br\/petshop\/wp-json\/wp\/v2\/product"}],"about":[{"href":"https:\/\/modelos.prodnsserver.com.br\/petshop\/wp-json\/wp\/v2\/types\/product"}],"replies":[{"embeddable":true,"href":"https:\/\/modelos.prodnsserver.com.br\/petshop\/wp-json\/wp\/v2\/comments?post=69"}],"version-history":[{"count":3,"href":"https:\/\/modelos.prodnsserver.com.br\/petshop\/wp-json\/wp\/v2\/product\/69\/revisions"}],"predecessor-version":[{"id":73,"href":"https:\/\/modelos.prodnsserver.com.br\/petshop\/wp-json\/wp\/v2\/product\/69\/revisions\/73"}],"wp:featuredmedia":[{"embeddable":true,"href":"https:\/\/modelos.prodnsserver.com.br\/petshop\/wp-json\/wp\/v2\/media\/71"}],"wp:attachment":[{"href":"https:\/\/modelos.prodnsserver.com.br\/petshop\/wp-json\/wp\/v2\/media?parent=69"}],"wp:term":[{"taxonomy":"pwb-brand","embeddable":true,"href":"https:\/\/modelos.prodnsserver.com.br\/petshop\/wp-json\/wp\/v2\/pwb-brand?post=69"},{"taxonomy":"product_brand","embeddable":true,"href":"https:\/\/modelos.prodnsserver.com.br\/petshop\/wp-json\/wp\/v2\/product_brand?post=69"},{"taxonomy":"product_cat","embeddable":true,"href":"https:\/\/modelos.prodnsserver.com.br\/petshop\/wp-json\/wp\/v2\/product_cat?post=69"},{"taxonomy":"product_tag","embeddable":true,"href":"https:\/\/modelos.prodnsserver.com.br\/petshop\/wp-json\/wp\/v2\/product_tag?post=69"}],"curies":[{"name":"wp","href":"https:\/\/api.w.org\/{rel}","templated":true}]}}