{"id":53,"date":"2024-07-11T00:21:44","date_gmt":"2024-07-11T03:21:44","guid":{"rendered":"https:\/\/modelos.prodnsserver.com.br\/petshop\/?post_type=product&#038;p=53"},"modified":"2024-07-11T02:14:04","modified_gmt":"2024-07-11T05:14:04","slug":"areia-higienica-meau-biodegradavel-graos-finos-para-gatos","status":"publish","type":"product","link":"https:\/\/modelos.prodnsserver.com.br\/petshop\/produto\/areia-higienica-meau-biodegradavel-graos-finos-para-gatos\/","title":{"rendered":"Areia Higi\u00eanica Meau Biodegrad\u00e1vel Gr\u00e3os Finos para Gatos"},"content":{"rendered":"<div>\n<p class=\"my-6\">&#8211; Gr\u00e3os Finos;<br \/>\n&#8211; Biodegrad\u00e1vel, 100% natural e feita de milho;<br \/>\n&#8211; F\u00e1cil de limpar;<br \/>\n&#8211; Forma\u00e7\u00e3o de torr\u00f5es firmes e imediatos;<br \/>\n&#8211; Elimina o odor;<br \/>\n&#8211; Alta performance e absor\u00e7\u00e3o;<br \/>\n&#8211; Alto rendimento e zero desperd\u00edcio;<br \/>\n&#8211; Mais conforto para as patinhas;<br \/>\n&#8211; Cor clara para ajudar a monitorar a sa\u00fade dos felinos;<br \/>\n&#8211; Livre de poeira;<br \/>\n&#8211; Garantia de Satisfa\u00e7\u00e3o: Meau garante que voc\u00ea e seu pet fiquem satisfeitos &#8211; saiba mais abaixo nos detalhes.<\/p>\n<\/div>\n<div class=\"my-6\">Cod: 31027528060<\/div>\n<div class=\"my-6\">\n<p><span class=\"font-body font-bold\">Detalhes<\/span><\/p>\n<p class=\"my-6\">A Areia Higi\u00eanica Meau Biodegrad\u00e1vel Gr\u00e3os Finos para Gatos \u00e9 100% natural e feita de milho, o que ajuda no controle de odor e diminui o impacto ambiental negativo. Oferece o melhor rendimento e economia para a sua rotina. \u00c9 produzida com gr\u00e3os claros e finos, proporcionando maior conforto para as patinhas e promovendo a alta absor\u00e7\u00e3o do xixi. Voc\u00ea n\u00e3o ter\u00e1 problemas com a limpeza, os torr\u00f5es s\u00e3o firmes e instant\u00e2neos, al\u00e9m de ser livre de poeira. \u00c9 at\u00f3xica e ideal para todos os tipos de gatos, incluindo casas com v\u00e1rios felinos. Essa \u00e9 a areia biodegrad\u00e1vel que seu gato tanto queria. Experimente. A Meau acredita que produtos de qualidade s\u00e3o aqueles que descomplicam a vida de tutores e seus pets. Pensando nisso, desenvolvemos um programa de Garantia de Satisfa\u00e7\u00e3o que \u00e9 simples e pr\u00e1tico.<\/p>\n<\/div>\n","protected":false},"excerpt":{"rendered":"<p>&#8211; Gr\u00e3os Finos; &#8211; Biodegrad\u00e1vel, 100% natural e feita de milho; &#8211; F\u00e1cil de limpar; &#8211; Forma\u00e7\u00e3o de torr\u00f5es firmes e imediatos; &#8211; Elimina o odor; &#8211; Alta performance e absor\u00e7\u00e3o; &#8211; Alto rendimento e zero desperd\u00edcio; &#8211; Mais conforto para as patinhas; &#8211; Cor clara para ajudar a monitorar a sa\u00fade dos felinos; &#8211; [&hellip;]<\/p>\n","protected":false},"featured_media":60,"comment_status":"open","ping_status":"closed","template":"","meta":[],"pwb-brand":[20],"product_brand":[],"product_cat":[19],"product_tag":[],"class_list":{"0":"post-53","1":"product","2":"type-product","3":"status-publish","4":"has-post-thumbnail","6":"pwb-brand-meau","7":"product_cat-caixa-de-areia-e-limpeza","9":"first","10":"instock","11":"sale","12":"shipping-taxable","13":"purchasable","14":"product-type-simple"},"jetpack_sharing_enabled":true,"brands":[{"id":20,"name":"Meau","slug":"meau"}],"_links":{"self":[{"href":"https:\/\/modelos.prodnsserver.com.br\/petshop\/wp-json\/wp\/v2\/product\/53","targetHints":{"allow":["GET"]}}],"collection":[{"href":"https:\/\/modelos.prodnsserver.com.br\/petshop\/wp-json\/wp\/v2\/product"}],"about":[{"href":"https:\/\/modelos.prodnsserver.com.br\/petshop\/wp-json\/wp\/v2\/types\/product"}],"replies":[{"embeddable":true,"href":"https:\/\/modelos.prodnsserver.com.br\/petshop\/wp-json\/wp\/v2\/comments?post=53"}],"version-history":[{"count":4,"href":"https:\/\/modelos.prodnsserver.com.br\/petshop\/wp-json\/wp\/v2\/product\/53\/revisions"}],"predecessor-version":[{"id":116,"href":"https:\/\/modelos.prodnsserver.com.br\/petshop\/wp-json\/wp\/v2\/product\/53\/revisions\/116"}],"wp:featuredmedia":[{"embeddable":true,"href":"https:\/\/modelos.prodnsserver.com.br\/petshop\/wp-json\/wp\/v2\/media\/60"}],"wp:attachment":[{"href":"https:\/\/modelos.prodnsserver.com.br\/petshop\/wp-json\/wp\/v2\/media?parent=53"}],"wp:term":[{"taxonomy":"pwb-brand","embeddable":true,"href":"https:\/\/modelos.prodnsserver.com.br\/petshop\/wp-json\/wp\/v2\/pwb-brand?post=53"},{"taxonomy":"product_brand","embeddable":true,"href":"https:\/\/modelos.prodnsserver.com.br\/petshop\/wp-json\/wp\/v2\/product_brand?post=53"},{"taxonomy":"product_cat","embeddable":true,"href":"https:\/\/modelos.prodnsserver.com.br\/petshop\/wp-json\/wp\/v2\/product_cat?post=53"},{"taxonomy":"product_tag","embeddable":true,"href":"https:\/\/modelos.prodnsserver.com.br\/petshop\/wp-json\/wp\/v2\/product_tag?post=53"}],"curies":[{"name":"wp","href":"https:\/\/api.w.org\/{rel}","templated":true}]}}