{"id":109,"date":"2024-07-11T02:10:12","date_gmt":"2024-07-11T05:10:12","guid":{"rendered":"https:\/\/modelos.prodnsserver.com.br\/petshop\/?post_type=product&#038;p=109"},"modified":"2024-07-11T02:13:12","modified_gmt":"2024-07-11T05:13:12","slug":"petisco-whiskas-temptations-anti-bola-de-pelo-para-gatos-adultos","status":"publish","type":"product","link":"https:\/\/modelos.prodnsserver.com.br\/petshop\/produto\/petisco-whiskas-temptations-anti-bola-de-pelo-para-gatos-adultos\/","title":{"rendered":"Petisco Whiskas Temptations Anti Bola de Pelo Para Gatos Adultos"},"content":{"rendered":"<div>\n<p class=\"my-6\">&#8211; Nova embalagem com menos pl\u00e1stico e sistema abre e fecha;<br \/>\n&#8211; Deliciosos pedacinhos crocantes por fora e macios por dentro;<br \/>\n&#8211; Auxilia na elimina\u00e7\u00e3o de bolas de pelo do seu gato;<br \/>\n&#8211; Snacks saborosos que ajudam a cuidar do trato digestivo.<\/p>\n<\/div>\n<div class=\"my-6\">Cod: 31027520401<\/div>\n<div class=\"my-6\">\n<p><span class=\"font-body font-bold\">Detalhes<\/span><\/p>\n<p class=\"my-6\">Ofere\u00e7a o <strong> Petisco Whiskas Temptations Anti Bola de Pelo Para Gatos Adultos <\/strong> entre as refei\u00e7\u00f5es para o seu pet aproveitar todo sabor irresist\u00edvel, enquanto o alimento atua no sistema digestivo e auxilia na elimina\u00e7\u00e3o dos pelos ingeridos. \u00c9 nutritivo e tamb\u00e9m pode ser oferecido como forma de recompens<\/p>\n<\/div>\n","protected":false},"excerpt":{"rendered":"<p>&#8211; Nova embalagem com menos pl\u00e1stico e sistema abre e fecha; &#8211; Deliciosos pedacinhos crocantes por fora e macios por dentro; &#8211; Auxilia na elimina\u00e7\u00e3o de bolas de pelo do seu gato; &#8211; Snacks saborosos que ajudam a cuidar do trato digestivo. Cod: 31027520401 Detalhes Ofere\u00e7a o Petisco Whiskas Temptations Anti Bola de Pelo Para [&hellip;]<\/p>\n","protected":false},"featured_media":111,"comment_status":"open","ping_status":"closed","template":"","meta":[],"pwb-brand":[32],"product_brand":[],"product_cat":[31],"product_tag":[],"class_list":{"0":"post-109","1":"product","2":"type-product","3":"status-publish","4":"has-post-thumbnail","6":"pwb-brand-whiskas","7":"product_cat-petisco-para-gatos","9":"first","10":"instock","11":"sale","12":"shipping-taxable","13":"purchasable","14":"product-type-simple"},"jetpack_sharing_enabled":true,"brands":[{"id":32,"name":"Whiskas","slug":"whiskas"}],"_links":{"self":[{"href":"https:\/\/modelos.prodnsserver.com.br\/petshop\/wp-json\/wp\/v2\/product\/109","targetHints":{"allow":["GET"]}}],"collection":[{"href":"https:\/\/modelos.prodnsserver.com.br\/petshop\/wp-json\/wp\/v2\/product"}],"about":[{"href":"https:\/\/modelos.prodnsserver.com.br\/petshop\/wp-json\/wp\/v2\/types\/product"}],"replies":[{"embeddable":true,"href":"https:\/\/modelos.prodnsserver.com.br\/petshop\/wp-json\/wp\/v2\/comments?post=109"}],"version-history":[{"count":4,"href":"https:\/\/modelos.prodnsserver.com.br\/petshop\/wp-json\/wp\/v2\/product\/109\/revisions"}],"predecessor-version":[{"id":114,"href":"https:\/\/modelos.prodnsserver.com.br\/petshop\/wp-json\/wp\/v2\/product\/109\/revisions\/114"}],"wp:featuredmedia":[{"embeddable":true,"href":"https:\/\/modelos.prodnsserver.com.br\/petshop\/wp-json\/wp\/v2\/media\/111"}],"wp:attachment":[{"href":"https:\/\/modelos.prodnsserver.com.br\/petshop\/wp-json\/wp\/v2\/media?parent=109"}],"wp:term":[{"taxonomy":"pwb-brand","embeddable":true,"href":"https:\/\/modelos.prodnsserver.com.br\/petshop\/wp-json\/wp\/v2\/pwb-brand?post=109"},{"taxonomy":"product_brand","embeddable":true,"href":"https:\/\/modelos.prodnsserver.com.br\/petshop\/wp-json\/wp\/v2\/product_brand?post=109"},{"taxonomy":"product_cat","embeddable":true,"href":"https:\/\/modelos.prodnsserver.com.br\/petshop\/wp-json\/wp\/v2\/product_cat?post=109"},{"taxonomy":"product_tag","embeddable":true,"href":"https:\/\/modelos.prodnsserver.com.br\/petshop\/wp-json\/wp\/v2\/product_tag?post=109"}],"curies":[{"name":"wp","href":"https:\/\/api.w.org\/{rel}","templated":true}]}}