{"id":105,"date":"2024-07-11T02:03:14","date_gmt":"2024-07-11T05:03:14","guid":{"rendered":"https:\/\/modelos.prodnsserver.com.br\/petshop\/?post_type=product&#038;p=105"},"modified":"2024-07-11T02:05:43","modified_gmt":"2024-07-11T05:05:43","slug":"areia-sanitaria-kelco-pipicat-campestre-4-kg","status":"publish","type":"product","link":"https:\/\/modelos.prodnsserver.com.br\/petshop\/produto\/areia-sanitaria-kelco-pipicat-campestre-4-kg\/","title":{"rendered":"Areia Sanit\u00e1ria Kelco Pipicat Campestre &#8211; 4 Kg"},"content":{"rendered":"<div>\n<p class=\"my-6\">&#8211; Gr\u00e3os extrafinos;<br \/>\n&#8211; Com fragr\u00e2ncia suave campestre;<br \/>\n&#8211; Forma torr\u00f5es mais firmes e facilita a limpeza;<br \/>\n&#8211; Controle de odores superior com Pipicat Odor Block.<\/p>\n<\/div>\n<div class=\"my-6\">Cod: 31023653<\/div>\n<div class=\"my-6\">\n<p><span class=\"font-body font-bold\">Detalhes<\/span><\/p>\n<p class=\"my-6\">A Areia Sanit\u00e1ria <a href=\"https:\/\/www.petlove.com.br\/kelco\">Kelco<\/a> Pipicat Perfumada Campestre &#8211; 4 Kg possui gr\u00e2nulos pequenos que potencializam a reten\u00e7\u00e3o e a absor\u00e7\u00e3o da urina, formando torr\u00f5es resistentes e concentrados que facilitam a remo\u00e7\u00e3o. Com exclusiva fragr\u00e2ncia que \u00e9 liberada quando em contato com a urina do gato.<\/p>\n<\/div>\n","protected":false},"excerpt":{"rendered":"<p>&#8211; Gr\u00e3os extrafinos; &#8211; Com fragr\u00e2ncia suave campestre; &#8211; Forma torr\u00f5es mais firmes e facilita a limpeza; &#8211; Controle de odores superior com Pipicat Odor Block. Cod: 31023653 Detalhes A Areia Sanit\u00e1ria Kelco Pipicat Perfumada Campestre &#8211; 4 Kg possui gr\u00e2nulos pequenos que potencializam a reten\u00e7\u00e3o e a absor\u00e7\u00e3o da urina, formando torr\u00f5es resistentes e [&hellip;]<\/p>\n","protected":false},"featured_media":107,"comment_status":"open","ping_status":"closed","template":"","meta":[],"pwb-brand":[30],"product_brand":[],"product_cat":[19],"product_tag":[],"class_list":{"0":"post-105","1":"product","2":"type-product","3":"status-publish","4":"has-post-thumbnail","6":"pwb-brand-pipicat","7":"product_cat-caixa-de-areia-e-limpeza","9":"first","10":"instock","11":"sale","12":"shipping-taxable","13":"purchasable","14":"product-type-simple"},"jetpack_sharing_enabled":true,"brands":[{"id":30,"name":"Pipicat","slug":"pipicat"}],"_links":{"self":[{"href":"https:\/\/modelos.prodnsserver.com.br\/petshop\/wp-json\/wp\/v2\/product\/105","targetHints":{"allow":["GET"]}}],"collection":[{"href":"https:\/\/modelos.prodnsserver.com.br\/petshop\/wp-json\/wp\/v2\/product"}],"about":[{"href":"https:\/\/modelos.prodnsserver.com.br\/petshop\/wp-json\/wp\/v2\/types\/product"}],"replies":[{"embeddable":true,"href":"https:\/\/modelos.prodnsserver.com.br\/petshop\/wp-json\/wp\/v2\/comments?post=105"}],"version-history":[{"count":2,"href":"https:\/\/modelos.prodnsserver.com.br\/petshop\/wp-json\/wp\/v2\/product\/105\/revisions"}],"predecessor-version":[{"id":108,"href":"https:\/\/modelos.prodnsserver.com.br\/petshop\/wp-json\/wp\/v2\/product\/105\/revisions\/108"}],"wp:featuredmedia":[{"embeddable":true,"href":"https:\/\/modelos.prodnsserver.com.br\/petshop\/wp-json\/wp\/v2\/media\/107"}],"wp:attachment":[{"href":"https:\/\/modelos.prodnsserver.com.br\/petshop\/wp-json\/wp\/v2\/media?parent=105"}],"wp:term":[{"taxonomy":"pwb-brand","embeddable":true,"href":"https:\/\/modelos.prodnsserver.com.br\/petshop\/wp-json\/wp\/v2\/pwb-brand?post=105"},{"taxonomy":"product_brand","embeddable":true,"href":"https:\/\/modelos.prodnsserver.com.br\/petshop\/wp-json\/wp\/v2\/product_brand?post=105"},{"taxonomy":"product_cat","embeddable":true,"href":"https:\/\/modelos.prodnsserver.com.br\/petshop\/wp-json\/wp\/v2\/product_cat?post=105"},{"taxonomy":"product_tag","embeddable":true,"href":"https:\/\/modelos.prodnsserver.com.br\/petshop\/wp-json\/wp\/v2\/product_tag?post=105"}],"curies":[{"name":"wp","href":"https:\/\/api.w.org\/{rel}","templated":true}]}}