{"id":102,"date":"2024-07-11T02:01:16","date_gmt":"2024-07-11T05:01:16","guid":{"rendered":"https:\/\/modelos.prodnsserver.com.br\/petshop\/?post_type=product&#038;p=102"},"modified":"2024-07-11T02:01:20","modified_gmt":"2024-07-11T05:01:20","slug":"granulado-higienico-de-madeira-carepet-premium-original","status":"publish","type":"product","link":"https:\/\/modelos.prodnsserver.com.br\/petshop\/produto\/granulado-higienico-de-madeira-carepet-premium-original\/","title":{"rendered":"Granulado Higi\u00eanico de Madeira CarePet Premium Original"},"content":{"rendered":"<div>\n<p class=\"my-6\">&#8211; Totalmente natural, feito sem aditivos qu\u00edmicos, al\u00e9m de ser f\u00e1cil de descartar;<br \/>\n&#8211; Indicado para pets de todas as idades e de todos os portes;<br \/>\n&#8211; N\u00e3o machuca e nem suja as patinhas;<br \/>\n&#8211; Produto esterilizado que absorve instantaneamente.<\/p>\n<\/div>\n<div class=\"my-6\">Cod: 2492168<\/div>\n<div class=\"my-6\"><span class=\"font-body font-bold\">Detalhes<\/span><\/p>\n<p class=\"my-6\">Elaborado com muito carinho, pensando no bem-estar e na sa\u00fade do seu pet, o <strong>Granulado Higi\u00eanico de Madeira CarePet Premium Original<\/strong> \u00e9 um produto at\u00f3xico, seguro e ecologicamente correto proporcionando facilidades no dia a dia. O pH neutro na sua composi\u00e7\u00e3o inibe totalmente as mol\u00e9culas de ureia e de compostos sulfurosos. Elimina os odores origin\u00e1rios das fezes e urina dos animais.<\/p>\n<\/div>\n","protected":false},"excerpt":{"rendered":"<p>&#8211; Totalmente natural, feito sem aditivos qu\u00edmicos, al\u00e9m de ser f\u00e1cil de descartar; &#8211; Indicado para pets de todas as idades e de todos os portes; &#8211; N\u00e3o machuca e nem suja as patinhas; &#8211; Produto esterilizado que absorve instantaneamente. Cod: 2492168 Detalhes Elaborado com muito carinho, pensando no bem-estar e na sa\u00fade do seu [&hellip;]<\/p>\n","protected":false},"featured_media":103,"comment_status":"open","ping_status":"closed","template":"","meta":[],"pwb-brand":[29],"product_brand":[],"product_cat":[19],"product_tag":[],"class_list":{"0":"post-102","1":"product","2":"type-product","3":"status-publish","4":"has-post-thumbnail","6":"pwb-brand-carepet","7":"product_cat-caixa-de-areia-e-limpeza","9":"first","10":"instock","11":"sale","12":"shipping-taxable","13":"purchasable","14":"product-type-simple"},"jetpack_sharing_enabled":true,"brands":[{"id":29,"name":"CarePet","slug":"carepet"}],"_links":{"self":[{"href":"https:\/\/modelos.prodnsserver.com.br\/petshop\/wp-json\/wp\/v2\/product\/102","targetHints":{"allow":["GET"]}}],"collection":[{"href":"https:\/\/modelos.prodnsserver.com.br\/petshop\/wp-json\/wp\/v2\/product"}],"about":[{"href":"https:\/\/modelos.prodnsserver.com.br\/petshop\/wp-json\/wp\/v2\/types\/product"}],"replies":[{"embeddable":true,"href":"https:\/\/modelos.prodnsserver.com.br\/petshop\/wp-json\/wp\/v2\/comments?post=102"}],"version-history":[{"count":1,"href":"https:\/\/modelos.prodnsserver.com.br\/petshop\/wp-json\/wp\/v2\/product\/102\/revisions"}],"predecessor-version":[{"id":104,"href":"https:\/\/modelos.prodnsserver.com.br\/petshop\/wp-json\/wp\/v2\/product\/102\/revisions\/104"}],"wp:featuredmedia":[{"embeddable":true,"href":"https:\/\/modelos.prodnsserver.com.br\/petshop\/wp-json\/wp\/v2\/media\/103"}],"wp:attachment":[{"href":"https:\/\/modelos.prodnsserver.com.br\/petshop\/wp-json\/wp\/v2\/media?parent=102"}],"wp:term":[{"taxonomy":"pwb-brand","embeddable":true,"href":"https:\/\/modelos.prodnsserver.com.br\/petshop\/wp-json\/wp\/v2\/pwb-brand?post=102"},{"taxonomy":"product_brand","embeddable":true,"href":"https:\/\/modelos.prodnsserver.com.br\/petshop\/wp-json\/wp\/v2\/product_brand?post=102"},{"taxonomy":"product_cat","embeddable":true,"href":"https:\/\/modelos.prodnsserver.com.br\/petshop\/wp-json\/wp\/v2\/product_cat?post=102"},{"taxonomy":"product_tag","embeddable":true,"href":"https:\/\/modelos.prodnsserver.com.br\/petshop\/wp-json\/wp\/v2\/product_tag?post=102"}],"curies":[{"name":"wp","href":"https:\/\/api.w.org\/{rel}","templated":true}]}}