{"id":14,"date":"2024-07-10T23:07:21","date_gmt":"2024-07-11T02:07:21","guid":{"rendered":"https:\/\/modelos.prodnsserver.com.br\/petshop\/carrinho\/"},"modified":"2024-07-10T23:07:21","modified_gmt":"2024-07-11T02:07:21","slug":"carrinho","status":"publish","type":"page","link":"https:\/\/modelos.prodnsserver.com.br\/petshop\/carrinho\/","title":{"rendered":"Carrinho"},"content":{"rendered":"\n<div data-block-name=\"woocommerce\/cart\" class=\"wp-block-woocommerce-cart alignwide is-loading\">\n<div data-block-name=\"woocommerce\/filled-cart-block\" class=\"wp-block-woocommerce-filled-cart-block\">\n<div data-block-name=\"woocommerce\/cart-items-block\" class=\"wp-block-woocommerce-cart-items-block\">\n<div data-block-name=\"woocommerce\/cart-line-items-block\" class=\"wp-block-woocommerce-cart-line-items-block\"><\/div>\n\n\n\n<div data-block-name=\"woocommerce\/cart-cross-sells-block\" class=\"wp-block-woocommerce-cart-cross-sells-block\">\n<h2 class=\"wp-block-heading has-large-font-size\">You may be interested in\u2026<\/h2>\n\n\n\n<div data-block-name=\"woocommerce\/cart-cross-sells-products-block\" class=\"wp-block-woocommerce-cart-cross-sells-products-block\"><\/div>\n<\/div>\n<\/div>\n\n\n\n<div data-block-name=\"woocommerce\/cart-totals-block\" class=\"wp-block-woocommerce-cart-totals-block\">\n<div data-block-name=\"woocommerce\/cart-order-summary-block\" class=\"wp-block-woocommerce-cart-order-summary-block\">\n<div data-block-name=\"woocommerce\/cart-order-summary-heading-block\" class=\"wp-block-woocommerce-cart-order-summary-heading-block\"><\/div><div data-block-name=\"woocommerce\/cart-order-summary-coupon-form-block\" class=\"wp-block-woocommerce-cart-order-summary-coupon-form-block\"><\/div><div data-block-name=\"woocommerce\/cart-order-summary-totals-block\" class=\"wp-block-woocommerce-cart-order-summary-totals-block\">\n<div data-block-name=\"woocommerce\/cart-order-summary-subtotal-block\" class=\"wp-block-woocommerce-cart-order-summary-subtotal-block\"><\/div>\n<div data-block-name=\"woocommerce\/cart-order-summary-discount-block\" class=\"wp-block-woocommerce-cart-order-summary-discount-block\"><\/div>\n<div data-block-name=\"woocommerce\/cart-order-summary-fee-block\" class=\"wp-block-woocommerce-cart-order-summary-fee-block\"><\/div>\n<div data-block-name=\"woocommerce\/cart-order-summary-shipping-block\" class=\"wp-block-woocommerce-cart-order-summary-shipping-block\"><\/div>\n<div data-block-name=\"woocommerce\/cart-order-summary-taxes-block\" class=\"wp-block-woocommerce-cart-order-summary-taxes-block\"><\/div><\/div>\n<\/div>\n\n\n\n<div data-block-name=\"woocommerce\/cart-express-payment-block\" class=\"wp-block-woocommerce-cart-express-payment-block\"><\/div>\n\n\n\n<div data-block-name=\"woocommerce\/proceed-to-checkout-block\" class=\"wp-block-woocommerce-proceed-to-checkout-block\"><\/div>\n\n\n\n<div data-block-name=\"woocommerce\/cart-accepted-payment-methods-block\" class=\"wp-block-woocommerce-cart-accepted-payment-methods-block\"><\/div>\n<\/div>\n<\/div>\n\n\n\n<div data-block-name=\"woocommerce\/empty-cart-block\" class=\"wp-block-woocommerce-empty-cart-block\">\n<h2 class=\"wp-block-heading has-text-align-center with-empty-cart-icon wc-block-cart__empty-cart__title\">Seu carrinho est\u00e1 vazio no momento!<\/h2>\n\n\n\n<hr class=\"wp-block-separator has-alpha-channel-opacity is-style-dots\"\/>\n\n\n\n<h2 class=\"wp-block-heading has-text-align-center\">Novo na loja<\/h2>\n\n\n<div data-block-name=\"woocommerce\/product-new\" data-columns=\"4\" data-rows=\"1\" class=\"wc-block-grid wp-block-product-new wp-block-woocommerce-product-new wc-block-product-new has-4-columns\"><ul class=\"wc-block-grid__products\"><li class=\"wc-block-grid__product\">\n\t\t\t\t<a href=\"https:\/\/modelos.prodnsserver.com.br\/petshop\/produto\/petisco-whiskas-temptations-anti-bola-de-pelo-para-gatos-adultos\/\" class=\"wc-block-grid__product-link\">\n\t\t\t\t\t<div class=\"wc-block-grid__product-onsale\">\n\t\t\t<span aria-hidden=\"true\">Oferta<\/span>\n\t\t\t<span class=\"screen-reader-text\">Produto em promo\u00e7\u00e3o<\/span>\n\t\t<\/div>\n\t\t\t\t\t<div class=\"wc-block-grid__product-image\"><img fetchpriority=\"high\" decoding=\"async\" width=\"300\" height=\"300\" src=\"https:\/\/modelos.prodnsserver.com.br\/petshop\/wp-content\/uploads\/2024\/07\/Petisco-Whiskas-Temptations-Anti-Bola-de-Pelo-Para-Gatos-Adultos-0001-300x300.webp\" class=\"attachment-woocommerce_thumbnail size-woocommerce_thumbnail\" alt=\"Petisco Whiskas Temptations Anti Bola de Pelo Para Gatos Adultos\" srcset=\"https:\/\/modelos.prodnsserver.com.br\/petshop\/wp-content\/uploads\/2024\/07\/Petisco-Whiskas-Temptations-Anti-Bola-de-Pelo-Para-Gatos-Adultos-0001-300x300.webp 300w, https:\/\/modelos.prodnsserver.com.br\/petshop\/wp-content\/uploads\/2024\/07\/Petisco-Whiskas-Temptations-Anti-Bola-de-Pelo-Para-Gatos-Adultos-0001-150x150.webp 150w, https:\/\/modelos.prodnsserver.com.br\/petshop\/wp-content\/uploads\/2024\/07\/Petisco-Whiskas-Temptations-Anti-Bola-de-Pelo-Para-Gatos-Adultos-0001-100x100.webp 100w, https:\/\/modelos.prodnsserver.com.br\/petshop\/wp-content\/uploads\/2024\/07\/Petisco-Whiskas-Temptations-Anti-Bola-de-Pelo-Para-Gatos-Adultos-0001-64x64.webp 64w, https:\/\/modelos.prodnsserver.com.br\/petshop\/wp-content\/uploads\/2024\/07\/Petisco-Whiskas-Temptations-Anti-Bola-de-Pelo-Para-Gatos-Adultos-0001.webp 600w\" sizes=\"(max-width: 300px) 100vw, 300px\" \/><\/div>\n\t\t\t\t\t<div class=\"wc-block-grid__product-title\">Petisco Whiskas Temptations Anti Bola de Pelo Para Gatos Adultos<\/div>\n\t\t\t\t<\/a>\n\t\t\t\t<div class=\"wc-block-grid__product-price price\"><del aria-hidden=\"true\"><span class=\"woocommerce-Price-amount amount\"><span class=\"woocommerce-Price-currencySymbol\">&#082;&#036;<\/span>&nbsp;22,00<\/span><\/del> <span class=\"screen-reader-text\">O pre\u00e7o original era: &#082;&#036;&nbsp;22,00.<\/span><ins aria-hidden=\"true\"><span class=\"woocommerce-Price-amount amount\"><span class=\"woocommerce-Price-currencySymbol\">&#082;&#036;<\/span>&nbsp;15,00<\/span><\/ins><span class=\"screen-reader-text\">O pre\u00e7o atual \u00e9: &#082;&#036;&nbsp;15,00.<\/span><\/div>\n\t\t\t\t\n\t\t\t\t<div class=\"wp-block-button wc-block-grid__product-add-to-cart\"><a href=\"?add-to-cart=109\" aria-label=\"Adicione ao carrinho: &ldquo;Petisco Whiskas Temptations Anti Bola de Pelo Para Gatos Adultos&rdquo;\" data-quantity=\"1\" data-product_id=\"109\" data-product_sku=\"\" data-price=\"15\" rel=\"nofollow\" class=\"wp-block-button__link  add_to_cart_button ajax_add_to_cart\">Adicionar ao carrinho<\/a><\/div>\n\t\t\t<\/li><li class=\"wc-block-grid__product\">\n\t\t\t\t<a href=\"https:\/\/modelos.prodnsserver.com.br\/petshop\/produto\/areia-sanitaria-kelco-pipicat-campestre-4-kg\/\" class=\"wc-block-grid__product-link\">\n\t\t\t\t\t<div class=\"wc-block-grid__product-onsale\">\n\t\t\t<span aria-hidden=\"true\">Oferta<\/span>\n\t\t\t<span class=\"screen-reader-text\">Produto em promo\u00e7\u00e3o<\/span>\n\t\t<\/div>\n\t\t\t\t\t<div class=\"wc-block-grid__product-image\"><img decoding=\"async\" width=\"300\" height=\"300\" src=\"https:\/\/modelos.prodnsserver.com.br\/petshop\/wp-content\/uploads\/2024\/07\/Areia-Sanitaria-Kelco-Pipicat-Campestre-4-Kg-0001-300x300.webp\" class=\"attachment-woocommerce_thumbnail size-woocommerce_thumbnail\" alt=\"Areia Sanit\u00e1ria Kelco Pipicat Campestre - 4 Kg\" srcset=\"https:\/\/modelos.prodnsserver.com.br\/petshop\/wp-content\/uploads\/2024\/07\/Areia-Sanitaria-Kelco-Pipicat-Campestre-4-Kg-0001-300x300.webp 300w, https:\/\/modelos.prodnsserver.com.br\/petshop\/wp-content\/uploads\/2024\/07\/Areia-Sanitaria-Kelco-Pipicat-Campestre-4-Kg-0001-150x150.webp 150w, https:\/\/modelos.prodnsserver.com.br\/petshop\/wp-content\/uploads\/2024\/07\/Areia-Sanitaria-Kelco-Pipicat-Campestre-4-Kg-0001-100x100.webp 100w, https:\/\/modelos.prodnsserver.com.br\/petshop\/wp-content\/uploads\/2024\/07\/Areia-Sanitaria-Kelco-Pipicat-Campestre-4-Kg-0001-64x64.webp 64w, https:\/\/modelos.prodnsserver.com.br\/petshop\/wp-content\/uploads\/2024\/07\/Areia-Sanitaria-Kelco-Pipicat-Campestre-4-Kg-0001.webp 600w\" sizes=\"(max-width: 300px) 100vw, 300px\" \/><\/div>\n\t\t\t\t\t<div class=\"wc-block-grid__product-title\">Areia Sanit\u00e1ria Kelco Pipicat Campestre &#8211; 4 Kg<\/div>\n\t\t\t\t<\/a>\n\t\t\t\t<div class=\"wc-block-grid__product-price price\"><del aria-hidden=\"true\"><span class=\"woocommerce-Price-amount amount\"><span class=\"woocommerce-Price-currencySymbol\">&#082;&#036;<\/span>&nbsp;29,00<\/span><\/del> <span class=\"screen-reader-text\">O pre\u00e7o original era: &#082;&#036;&nbsp;29,00.<\/span><ins aria-hidden=\"true\"><span class=\"woocommerce-Price-amount amount\"><span class=\"woocommerce-Price-currencySymbol\">&#082;&#036;<\/span>&nbsp;20,00<\/span><\/ins><span class=\"screen-reader-text\">O pre\u00e7o atual \u00e9: &#082;&#036;&nbsp;20,00.<\/span><\/div>\n\t\t\t\t\n\t\t\t\t<div class=\"wp-block-button wc-block-grid__product-add-to-cart\"><a href=\"?add-to-cart=105\" aria-label=\"Adicione ao carrinho: &ldquo;Areia Sanit\u00e1ria Kelco Pipicat Campestre - 4 Kg&rdquo;\" data-quantity=\"1\" data-product_id=\"105\" data-product_sku=\"\" data-price=\"20\" rel=\"nofollow\" class=\"wp-block-button__link  add_to_cart_button ajax_add_to_cart\">Adicionar ao carrinho<\/a><\/div>\n\t\t\t<\/li><li class=\"wc-block-grid__product\">\n\t\t\t\t<a href=\"https:\/\/modelos.prodnsserver.com.br\/petshop\/produto\/granulado-higienico-de-madeira-carepet-premium-original\/\" class=\"wc-block-grid__product-link\">\n\t\t\t\t\t<div class=\"wc-block-grid__product-onsale\">\n\t\t\t<span aria-hidden=\"true\">Oferta<\/span>\n\t\t\t<span class=\"screen-reader-text\">Produto em promo\u00e7\u00e3o<\/span>\n\t\t<\/div>\n\t\t\t\t\t<div class=\"wc-block-grid__product-image\"><img decoding=\"async\" width=\"300\" height=\"300\" src=\"https:\/\/modelos.prodnsserver.com.br\/petshop\/wp-content\/uploads\/2024\/07\/Granulado-Higienico-de-Madeira-CarePet-Premium-Original-0001-300x300.webp\" class=\"attachment-woocommerce_thumbnail size-woocommerce_thumbnail\" alt=\"Granulado Higi\u00eanico de Madeira CarePet Premium Original\" srcset=\"https:\/\/modelos.prodnsserver.com.br\/petshop\/wp-content\/uploads\/2024\/07\/Granulado-Higienico-de-Madeira-CarePet-Premium-Original-0001-300x300.webp 300w, https:\/\/modelos.prodnsserver.com.br\/petshop\/wp-content\/uploads\/2024\/07\/Granulado-Higienico-de-Madeira-CarePet-Premium-Original-0001-150x150.webp 150w, https:\/\/modelos.prodnsserver.com.br\/petshop\/wp-content\/uploads\/2024\/07\/Granulado-Higienico-de-Madeira-CarePet-Premium-Original-0001-100x100.webp 100w, https:\/\/modelos.prodnsserver.com.br\/petshop\/wp-content\/uploads\/2024\/07\/Granulado-Higienico-de-Madeira-CarePet-Premium-Original-0001-64x64.webp 64w, https:\/\/modelos.prodnsserver.com.br\/petshop\/wp-content\/uploads\/2024\/07\/Granulado-Higienico-de-Madeira-CarePet-Premium-Original-0001.webp 600w\" sizes=\"(max-width: 300px) 100vw, 300px\" \/><\/div>\n\t\t\t\t\t<div class=\"wc-block-grid__product-title\">Granulado Higi\u00eanico de Madeira CarePet Premium Original<\/div>\n\t\t\t\t<\/a>\n\t\t\t\t<div class=\"wc-block-grid__product-price price\"><del aria-hidden=\"true\"><span class=\"woocommerce-Price-amount amount\"><span class=\"woocommerce-Price-currencySymbol\">&#082;&#036;<\/span>&nbsp;180,00<\/span><\/del> <span class=\"screen-reader-text\">O pre\u00e7o original era: &#082;&#036;&nbsp;180,00.<\/span><ins aria-hidden=\"true\"><span class=\"woocommerce-Price-amount amount\"><span class=\"woocommerce-Price-currencySymbol\">&#082;&#036;<\/span>&nbsp;125,00<\/span><\/ins><span class=\"screen-reader-text\">O pre\u00e7o atual \u00e9: &#082;&#036;&nbsp;125,00.<\/span><\/div>\n\t\t\t\t\n\t\t\t\t<div class=\"wp-block-button wc-block-grid__product-add-to-cart\"><a href=\"?add-to-cart=102\" aria-label=\"Adicione ao carrinho: &ldquo;Granulado Higi\u00eanico de Madeira CarePet Premium Original&rdquo;\" data-quantity=\"1\" data-product_id=\"102\" data-product_sku=\"\" data-price=\"125\" rel=\"nofollow\" class=\"wp-block-button__link  add_to_cart_button ajax_add_to_cart\">Adicionar ao carrinho<\/a><\/div>\n\t\t\t<\/li><li class=\"wc-block-grid__product\">\n\t\t\t\t<a href=\"https:\/\/modelos.prodnsserver.com.br\/petshop\/produto\/racao-seca-nutrilus-pro-salmao-para-gatos-adultos-castrados\/\" class=\"wc-block-grid__product-link\">\n\t\t\t\t\t<div class=\"wc-block-grid__product-onsale\">\n\t\t\t<span aria-hidden=\"true\">Oferta<\/span>\n\t\t\t<span class=\"screen-reader-text\">Produto em promo\u00e7\u00e3o<\/span>\n\t\t<\/div>\n\t\t\t\t\t<div class=\"wc-block-grid__product-image\"><img loading=\"lazy\" decoding=\"async\" width=\"300\" height=\"300\" src=\"https:\/\/modelos.prodnsserver.com.br\/petshop\/wp-content\/uploads\/2024\/07\/Racao-Seca-Nutrilus-Pro-Salmao-para-Gatos-Adultos-Castrados-0001-300x300.webp\" class=\"attachment-woocommerce_thumbnail size-woocommerce_thumbnail\" alt=\"Ra\u00e7\u00e3o Seca Nutrilus Pro+ Salm\u00e3o para Gatos Adultos Castrados\" srcset=\"https:\/\/modelos.prodnsserver.com.br\/petshop\/wp-content\/uploads\/2024\/07\/Racao-Seca-Nutrilus-Pro-Salmao-para-Gatos-Adultos-Castrados-0001-300x300.webp 300w, https:\/\/modelos.prodnsserver.com.br\/petshop\/wp-content\/uploads\/2024\/07\/Racao-Seca-Nutrilus-Pro-Salmao-para-Gatos-Adultos-Castrados-0001-150x150.webp 150w, https:\/\/modelos.prodnsserver.com.br\/petshop\/wp-content\/uploads\/2024\/07\/Racao-Seca-Nutrilus-Pro-Salmao-para-Gatos-Adultos-Castrados-0001-100x100.webp 100w, https:\/\/modelos.prodnsserver.com.br\/petshop\/wp-content\/uploads\/2024\/07\/Racao-Seca-Nutrilus-Pro-Salmao-para-Gatos-Adultos-Castrados-0001-64x64.webp 64w, https:\/\/modelos.prodnsserver.com.br\/petshop\/wp-content\/uploads\/2024\/07\/Racao-Seca-Nutrilus-Pro-Salmao-para-Gatos-Adultos-Castrados-0001.webp 600w\" sizes=\"(max-width: 300px) 100vw, 300px\" \/><\/div>\n\t\t\t\t\t<div class=\"wc-block-grid__product-title\">Ra\u00e7\u00e3o Seca Nutrilus Pro+ Salm\u00e3o para Gatos Adultos Castrados<\/div>\n\t\t\t\t<\/a>\n\t\t\t\t<div class=\"wc-block-grid__product-price price\"><del aria-hidden=\"true\"><span class=\"woocommerce-Price-amount amount\"><span class=\"woocommerce-Price-currencySymbol\">&#082;&#036;<\/span>&nbsp;173,00<\/span><\/del> <span class=\"screen-reader-text\">O pre\u00e7o original era: &#082;&#036;&nbsp;173,00.<\/span><ins aria-hidden=\"true\"><span class=\"woocommerce-Price-amount amount\"><span class=\"woocommerce-Price-currencySymbol\">&#082;&#036;<\/span>&nbsp;139,12<\/span><\/ins><span class=\"screen-reader-text\">O pre\u00e7o atual \u00e9: &#082;&#036;&nbsp;139,12.<\/span><\/div>\n\t\t\t\t\n\t\t\t\t<div class=\"wp-block-button wc-block-grid__product-add-to-cart\"><a href=\"?add-to-cart=97\" aria-label=\"Adicione ao carrinho: &ldquo;Ra\u00e7\u00e3o Seca Nutrilus Pro+ Salm\u00e3o para Gatos Adultos Castrados&rdquo;\" data-quantity=\"1\" data-product_id=\"97\" data-product_sku=\"\" data-price=\"139.12\" rel=\"nofollow\" class=\"wp-block-button__link  add_to_cart_button ajax_add_to_cart\">Adicionar ao carrinho<\/a><\/div>\n\t\t\t<\/li><\/ul><\/div><\/div>\n<\/div>\n","protected":false},"excerpt":{"rendered":"","protected":false},"author":1,"featured_media":0,"parent":0,"menu_order":0,"comment_status":"closed","ping_status":"closed","template":"","meta":{"footnotes":""},"class_list":["post-14","page","type-page","status-publish","hentry"],"jetpack_sharing_enabled":true,"_links":{"self":[{"href":"https:\/\/modelos.prodnsserver.com.br\/petshop\/wp-json\/wp\/v2\/pages\/14","targetHints":{"allow":["GET"]}}],"collection":[{"href":"https:\/\/modelos.prodnsserver.com.br\/petshop\/wp-json\/wp\/v2\/pages"}],"about":[{"href":"https:\/\/modelos.prodnsserver.com.br\/petshop\/wp-json\/wp\/v2\/types\/page"}],"author":[{"embeddable":true,"href":"https:\/\/modelos.prodnsserver.com.br\/petshop\/wp-json\/wp\/v2\/users\/1"}],"replies":[{"embeddable":true,"href":"https:\/\/modelos.prodnsserver.com.br\/petshop\/wp-json\/wp\/v2\/comments?post=14"}],"version-history":[{"count":0,"href":"https:\/\/modelos.prodnsserver.com.br\/petshop\/wp-json\/wp\/v2\/pages\/14\/revisions"}],"wp:attachment":[{"href":"https:\/\/modelos.prodnsserver.com.br\/petshop\/wp-json\/wp\/v2\/media?parent=14"}],"curies":[{"name":"wp","href":"https:\/\/api.w.org\/{rel}","templated":true}]}}