{"id":75,"date":"2024-07-10T18:42:51","date_gmt":"2024-07-10T21:42:51","guid":{"rendered":"https:\/\/modelos.prodnsserver.com.br\/embalagens\/?post_type=product&#038;p=75"},"modified":"2024-07-10T18:43:32","modified_gmt":"2024-07-10T21:43:32","slug":"sabao-em-po-omo-lavagem-perfeita-2-2kg","status":"publish","type":"product","link":"https:\/\/modelos.prodnsserver.com.br\/embalagens\/produto\/sabao-em-po-omo-lavagem-perfeita-2-2kg\/","title":{"rendered":"Sab\u00e3o Em P\u00f3 Omo Lavagem Perfeita 2.2Kg"},"content":{"rendered":"<p>O Sab\u00e3o em P\u00f3 OMO Lavagem Perfeita cont\u00e9m uma nova f\u00f3rmula com Biotecnologia + Anti-Res\u00edduos, garantindo m\u00e1xima limpeza e zero danos de res\u00edduos de sab\u00e3o. Sua f\u00f3rmula com p\u00f3 ultrafino de r\u00e1pida dissolu\u00e7\u00e3o, remove as manchas de primeira, sem desgastar os tecidos e ainda cuida das cores pretas. Ele oferece muito poder e cuidado para as suas roupas e ainda a deixa perfumada por muito mais tempo. O lava roupas Lavagem Perfeita OMO cuida das suas roupas, da sua m\u00e1quina e do meio ambiente. \u00c9 imbat\u00edvel na limpeza* e cuida do meio ambiente, pois sua f\u00f3rmula cont\u00e9m ingredientes biodegrad\u00e1veis, e n\u00e3o possui fosfato, ajudando a preservar rios e oceanos, al\u00e9m de economizar \u00e1gua**. Al\u00e9m disso, possui ativo concentrado, tecnologia que cuida do planeta. Menos CO\u2082, menos polui\u00e7\u00e3o. \u00c9 um lava-roupas sustent\u00e1vel e com rendimento eficiente, pois necessita de apenas um enx\u00e1gue e permite lavar uma m\u00e1quina cheia com apenas meia x\u00edcara***. Perfeito para manter suas roupas impec\u00e1veis e seu dia a dia super pr\u00e1tico! Sua embalagem \u00e9 100% recicl\u00e1vel. Fa\u00e7a o descarte consciente. N\u00f3s sOMOs diferentes, limpeza imbat\u00edvel, sem res\u00edduo de sab\u00e3o, cuidamos das roupas e cuidamos do meio ambiente. Quando voc\u00ea escolhe OMO, voc\u00ea escolhe um mundo melhor. Mantenha o produto fora do alcance de crian\u00e7as e dos animais dom\u00e9sticos. Leia o r\u00f3tulo antes de usar o produto. Para saber mais sobre a linha de produtos OMO, acesse o site. *Comparado a detergentes do mesmo fabricante. Remove manchas como suco de laranja, sobremesa de chocolate e \u00f3leo de fritura (tecido de algod\u00e3o). **Reduzindo de 2 ou mais enx\u00e1gues para apenas 1.***X\u00edcara de ch\u00e1 de 240 ml. M\u00e1quina de abertura superior.<\/p>\n","protected":false},"excerpt":{"rendered":"<p>O Sab\u00e3o em P\u00f3 OMO Lavagem Perfeita cont\u00e9m uma nova f\u00f3rmula com Biotecnologia + Anti-Res\u00edduos, garantindo m\u00e1xima limpeza e zero danos de res\u00edduos de sab\u00e3o. Sua f\u00f3rmula com p\u00f3 ultrafino de r\u00e1pida dissolu\u00e7\u00e3o, remove as manchas de primeira, sem desgastar os tecidos e ainda cuida das cores pretas. Ele oferece muito poder e cuidado para [&hellip;]<\/p>\n","protected":false},"featured_media":78,"comment_status":"open","ping_status":"closed","template":"","meta":[],"pwb-brand":[33],"product_brand":[],"product_cat":[23],"product_tag":[],"class_list":{"0":"post-75","1":"product","2":"type-product","3":"status-publish","4":"has-post-thumbnail","6":"pwb-brand-omo","7":"product_cat-sabao-em-po","9":"first","10":"instock","11":"sale","12":"shipping-taxable","13":"purchasable","14":"product-type-simple"},"brands":[{"id":33,"name":"Omo","slug":"omo"}],"_links":{"self":[{"href":"https:\/\/modelos.prodnsserver.com.br\/embalagens\/wp-json\/wp\/v2\/product\/75","targetHints":{"allow":["GET"]}}],"collection":[{"href":"https:\/\/modelos.prodnsserver.com.br\/embalagens\/wp-json\/wp\/v2\/product"}],"about":[{"href":"https:\/\/modelos.prodnsserver.com.br\/embalagens\/wp-json\/wp\/v2\/types\/product"}],"replies":[{"embeddable":true,"href":"https:\/\/modelos.prodnsserver.com.br\/embalagens\/wp-json\/wp\/v2\/comments?post=75"}],"version-history":[{"count":1,"href":"https:\/\/modelos.prodnsserver.com.br\/embalagens\/wp-json\/wp\/v2\/product\/75\/revisions"}],"predecessor-version":[{"id":77,"href":"https:\/\/modelos.prodnsserver.com.br\/embalagens\/wp-json\/wp\/v2\/product\/75\/revisions\/77"}],"wp:featuredmedia":[{"embeddable":true,"href":"https:\/\/modelos.prodnsserver.com.br\/embalagens\/wp-json\/wp\/v2\/media\/78"}],"wp:attachment":[{"href":"https:\/\/modelos.prodnsserver.com.br\/embalagens\/wp-json\/wp\/v2\/media?parent=75"}],"wp:term":[{"taxonomy":"pwb-brand","embeddable":true,"href":"https:\/\/modelos.prodnsserver.com.br\/embalagens\/wp-json\/wp\/v2\/pwb-brand?post=75"},{"taxonomy":"product_brand","embeddable":true,"href":"https:\/\/modelos.prodnsserver.com.br\/embalagens\/wp-json\/wp\/v2\/product_brand?post=75"},{"taxonomy":"product_cat","embeddable":true,"href":"https:\/\/modelos.prodnsserver.com.br\/embalagens\/wp-json\/wp\/v2\/product_cat?post=75"},{"taxonomy":"product_tag","embeddable":true,"href":"https:\/\/modelos.prodnsserver.com.br\/embalagens\/wp-json\/wp\/v2\/product_tag?post=75"}],"curies":[{"name":"wp","href":"https:\/\/api.w.org\/{rel}","templated":true}]}}