{"id":72,"date":"2024-07-10T18:40:56","date_gmt":"2024-07-10T21:40:56","guid":{"rendered":"https:\/\/modelos.prodnsserver.com.br\/embalagens\/?post_type=product&#038;p=72"},"modified":"2024-07-10T18:40:58","modified_gmt":"2024-07-10T21:40:58","slug":"papel-higienico-neve-toque-de-seda-folha-dupla-30m-leve-32-pague-28-rolos","status":"publish","type":"product","link":"https:\/\/modelos.prodnsserver.com.br\/embalagens\/produto\/papel-higienico-neve-toque-de-seda-folha-dupla-30m-leve-32-pague-28-rolos\/","title":{"rendered":"Papel Higi\u00eanico Neve Toque de Seda Folha Dupla, 30m, Leve 32 Pague 28 Rolos"},"content":{"rendered":"<p>Papel higi\u00eanico neve folha tripla \u00e9 um produto de alta qualidade e maciez, que n\u00e3o pode faltar em sua casa. Pensando em seu cuidado e bem estar, foi desenvolvido a exclusiva tecnologia dermacare, com pr\u00e9-bio dermatol\u00f3gico que ajuda a preservar o ph natural da pele. Pacote com 16 rolos de 30 metros cada, \u00e9 ideal para voc\u00ea e toda sua fam\u00edlia.<\/p>\n","protected":false},"excerpt":{"rendered":"<p>Papel higi\u00eanico neve folha tripla \u00e9 um produto de alta qualidade e maciez, que n\u00e3o pode faltar em sua casa. Pensando em seu cuidado e bem estar, foi desenvolvido a exclusiva tecnologia dermacare, com pr\u00e9-bio dermatol\u00f3gico que ajuda a preservar o ph natural da pele. Pacote com 16 rolos de 30 metros cada, \u00e9 ideal [&hellip;]<\/p>\n","protected":false},"featured_media":73,"comment_status":"open","ping_status":"closed","template":"","meta":[],"pwb-brand":[32],"product_brand":[],"product_cat":[24],"product_tag":[],"class_list":{"0":"post-72","1":"product","2":"type-product","3":"status-publish","4":"has-post-thumbnail","6":"pwb-brand-neve","7":"product_cat-papel-higienico","9":"first","10":"instock","11":"sale","12":"shipping-taxable","13":"purchasable","14":"product-type-simple"},"brands":[{"id":32,"name":"Neve","slug":"neve"}],"_links":{"self":[{"href":"https:\/\/modelos.prodnsserver.com.br\/embalagens\/wp-json\/wp\/v2\/product\/72","targetHints":{"allow":["GET"]}}],"collection":[{"href":"https:\/\/modelos.prodnsserver.com.br\/embalagens\/wp-json\/wp\/v2\/product"}],"about":[{"href":"https:\/\/modelos.prodnsserver.com.br\/embalagens\/wp-json\/wp\/v2\/types\/product"}],"replies":[{"embeddable":true,"href":"https:\/\/modelos.prodnsserver.com.br\/embalagens\/wp-json\/wp\/v2\/comments?post=72"}],"version-history":[{"count":1,"href":"https:\/\/modelos.prodnsserver.com.br\/embalagens\/wp-json\/wp\/v2\/product\/72\/revisions"}],"predecessor-version":[{"id":74,"href":"https:\/\/modelos.prodnsserver.com.br\/embalagens\/wp-json\/wp\/v2\/product\/72\/revisions\/74"}],"wp:featuredmedia":[{"embeddable":true,"href":"https:\/\/modelos.prodnsserver.com.br\/embalagens\/wp-json\/wp\/v2\/media\/73"}],"wp:attachment":[{"href":"https:\/\/modelos.prodnsserver.com.br\/embalagens\/wp-json\/wp\/v2\/media?parent=72"}],"wp:term":[{"taxonomy":"pwb-brand","embeddable":true,"href":"https:\/\/modelos.prodnsserver.com.br\/embalagens\/wp-json\/wp\/v2\/pwb-brand?post=72"},{"taxonomy":"product_brand","embeddable":true,"href":"https:\/\/modelos.prodnsserver.com.br\/embalagens\/wp-json\/wp\/v2\/product_brand?post=72"},{"taxonomy":"product_cat","embeddable":true,"href":"https:\/\/modelos.prodnsserver.com.br\/embalagens\/wp-json\/wp\/v2\/product_cat?post=72"},{"taxonomy":"product_tag","embeddable":true,"href":"https:\/\/modelos.prodnsserver.com.br\/embalagens\/wp-json\/wp\/v2\/product_tag?post=72"}],"curies":[{"name":"wp","href":"https:\/\/api.w.org\/{rel}","templated":true}]}}