{"id":65,"date":"2024-07-10T18:37:45","date_gmt":"2024-07-10T21:37:45","guid":{"rendered":"https:\/\/modelos.prodnsserver.com.br\/embalagens\/?post_type=product&#038;p=65"},"modified":"2024-07-10T18:38:31","modified_gmt":"2024-07-10T21:38:31","slug":"maionese-tradicional-sache-caixa-c-192-x-7g-dajuda","status":"publish","type":"product","link":"https:\/\/modelos.prodnsserver.com.br\/embalagens\/produto\/maionese-tradicional-sache-caixa-c-192-x-7g-dajuda\/","title":{"rendered":"Maionese Tradicional Sach\u00ea Caixa C\/192 X 7g &#8211; Dajuda"},"content":{"rendered":"<p>MAIONESE D\u2019JUDA. USUALMENTE UTILIZADO PARA REAL\u00c7AR O SABOR DE DIVERSOS PRATOS. \u00c9 PRESEN\u00c7A QUASE OBRIGAT\u00d3RIA EM COMIDAS R\u00c1PIDAS, COMO HAMBURGUERES, HOT DOGS E OUTROS TIPOS DE SANDU\u00cdCHES, PAST\u00c9IS E PIZZAS.<\/p>\n<p>EM SACH\u00caS, EVITA DESPERD\u00cdCIO.<\/p>\n","protected":false},"excerpt":{"rendered":"<p>MAIONESE D\u2019JUDA. USUALMENTE UTILIZADO PARA REAL\u00c7AR O SABOR DE DIVERSOS PRATOS. \u00c9 PRESEN\u00c7A QUASE OBRIGAT\u00d3RIA EM COMIDAS R\u00c1PIDAS, COMO HAMBURGUERES, HOT DOGS E OUTROS TIPOS DE SANDU\u00cdCHES, PAST\u00c9IS E PIZZAS. EM SACH\u00caS, EVITA DESPERD\u00cdCIO.<\/p>\n","protected":false},"featured_media":66,"comment_status":"open","ping_status":"closed","template":"","meta":[],"pwb-brand":[27],"product_brand":[],"product_cat":[26],"product_tag":[],"class_list":{"0":"post-65","1":"product","2":"type-product","3":"status-publish","4":"has-post-thumbnail","6":"pwb-brand-dajuda","7":"product_cat-molhos-e-temperos","9":"first","10":"instock","11":"shipping-taxable","12":"product-type-simple"},"brands":[{"id":27,"name":"Dajuda","slug":"dajuda"}],"_links":{"self":[{"href":"https:\/\/modelos.prodnsserver.com.br\/embalagens\/wp-json\/wp\/v2\/product\/65","targetHints":{"allow":["GET"]}}],"collection":[{"href":"https:\/\/modelos.prodnsserver.com.br\/embalagens\/wp-json\/wp\/v2\/product"}],"about":[{"href":"https:\/\/modelos.prodnsserver.com.br\/embalagens\/wp-json\/wp\/v2\/types\/product"}],"replies":[{"embeddable":true,"href":"https:\/\/modelos.prodnsserver.com.br\/embalagens\/wp-json\/wp\/v2\/comments?post=65"}],"version-history":[{"count":2,"href":"https:\/\/modelos.prodnsserver.com.br\/embalagens\/wp-json\/wp\/v2\/product\/65\/revisions"}],"predecessor-version":[{"id":68,"href":"https:\/\/modelos.prodnsserver.com.br\/embalagens\/wp-json\/wp\/v2\/product\/65\/revisions\/68"}],"wp:featuredmedia":[{"embeddable":true,"href":"https:\/\/modelos.prodnsserver.com.br\/embalagens\/wp-json\/wp\/v2\/media\/66"}],"wp:attachment":[{"href":"https:\/\/modelos.prodnsserver.com.br\/embalagens\/wp-json\/wp\/v2\/media?parent=65"}],"wp:term":[{"taxonomy":"pwb-brand","embeddable":true,"href":"https:\/\/modelos.prodnsserver.com.br\/embalagens\/wp-json\/wp\/v2\/pwb-brand?post=65"},{"taxonomy":"product_brand","embeddable":true,"href":"https:\/\/modelos.prodnsserver.com.br\/embalagens\/wp-json\/wp\/v2\/product_brand?post=65"},{"taxonomy":"product_cat","embeddable":true,"href":"https:\/\/modelos.prodnsserver.com.br\/embalagens\/wp-json\/wp\/v2\/product_cat?post=65"},{"taxonomy":"product_tag","embeddable":true,"href":"https:\/\/modelos.prodnsserver.com.br\/embalagens\/wp-json\/wp\/v2\/product_tag?post=65"}],"curies":[{"name":"wp","href":"https:\/\/api.w.org\/{rel}","templated":true}]}}