{"id":62,"date":"2024-07-10T18:36:43","date_gmt":"2024-07-10T21:36:43","guid":{"rendered":"https:\/\/modelos.prodnsserver.com.br\/embalagens\/?post_type=product&#038;p=62"},"modified":"2024-07-10T18:36:45","modified_gmt":"2024-07-10T21:36:45","slug":"desinfetante-quartenario-de-amonia-carbo-60","status":"publish","type":"product","link":"https:\/\/modelos.prodnsserver.com.br\/embalagens\/produto\/desinfetante-quartenario-de-amonia-carbo-60\/","title":{"rendered":"Desinfetante Quarten\u00e1rio De Am\u00f4nia \u2013 Carbo 60"},"content":{"rendered":"<p>5 Litros de Desinfetante Concentrado Quarten\u00e1rio De Amonia 5\u00aa Gera\u00e7\u00e3o\u2026<br \/>\nDesinfetante Quaten\u00e1rio de Am\u00f4nia, Desintefa, Hirniza e tiras aqueles cheiro que incomoda<\/p>\n<p>5\u00aa Gera\u00e7\u00e3o tem Bactericida Germicida e Fungicida<\/p>\n<p>e n\u00e2o tem cheiro e \u00e9 concentrado.<\/p>\n<p>O nosso produto foi formulado com quatern\u00e1rios de am\u00f4nio de 5\u00aa gera\u00e7\u00e3o com alto poder desinfetante e eliminador de maus odores, tornando-se o produto ideal para a limpeza e apresentado de superf\u00edcies lav\u00e1veis como pisos, paredes, bancadas, lou\u00e7as e metais sanit\u00e1rios, lavat\u00f3rios, entre outros. \u00c9 especialmente indicado para estabelecimentos como supermercados, lojas, cl\u00ednicas em geral, escrit\u00f3rios, shoppings centers, condom\u00ednios, clubes e associa\u00e7\u00f5es, igrejas, buffets e restaurantes, entre outros.<br \/>\nO nosso produto possui a\u00e7\u00e3o bactericida e age com efici\u00eancia comprovada frente \u00e0s cepas de Salmonella choleraesuis, Staphylococcus aureus, Escherichia coli e Pseudomonas aeruginosas. Al\u00e9m disso, \u00e9 um produto de f\u00e1cil aplica\u00e7\u00e3o e n\u00e3o agride as superf\u00edcies. Com ele, voc\u00ea pode ter a garantia de um ambiente limpo, desinfetado e livre de maus odores. Adquira agora o nosso produto e garanta a seguran\u00e7a e a limpeza do seu estabelecimento.<\/p>\n<p>Desinfetante de uso Geral \u00e1 Base de Quarten\u00e1rio De Amonia para Desinfec\u00e7\u00e3o de Superf\u00edcies:<\/p>\n<p>* Pisos em Geral<br \/>\n* Mesas de Escrit\u00f3rios<br \/>\n* Ma\u00e7anetas de portas<br \/>\n* Elevadores<br \/>\n* Corrim\u00f5es<br \/>\n* Banheiros<br \/>\n* Caixas de Supermercados<\/p>\n<p>Recomenda\u00e7\u00f5es do Fabricante:<\/p>\n<p>Modo de Usar: Desinfec\u00e7\u00e3o: Diluir 01 parte do produto em at\u00e9 100 partes de \u00e1gua, aplicar no local desejado com auxilio de pulverizador ou MOP e deixar agir por 10 minutos. Esfregar e enxaguar em seguida. Antes de aplicar o produto remova toda sujeira s\u00f3lida do local.<\/p>\n<p>Limpeza Geral: Diluir 01 parte do produto em at\u00e9 200 partes de \u00e1gua. Umede\u00e7a um pano retirando o excesso, passe no local desejado e enx\u00e1gue em seguida. Evitar colocar o pano sujo na solu\u00e7\u00e3o.<\/p>\n<p>Advert\u00eancias: Conserve Fora do Alcance de Crian\u00e7as e seus animaios de Estima\u00e7\u00e3o. N\u00e3o misturar com outros produtos. N\u00e3o utilizar para desinfec\u00e7\u00e3o de alimentos. N\u00e3o ingerir. Evite inala\u00e7\u00e3o ou aspira\u00e7\u00e3o, contato com os olhos e contato com a pele. N\u00e3o reutilizar as embalagens vazias. N\u00e3o de nada por via oral a uma pessoa inconsciente. Lave os objetos ou utens\u00edlios usados como medida antes de reutiliz\u00e1-los.<\/p>\n<p>Recomenda\u00e7\u00f5es de Uso: Mantenha o produto em sua embalagem original. N\u00e3o misture com agua na embalagem original. N\u00e3o aplique em superf\u00edcie aquecida. Mantenha o produto em local fresco e arejado.<\/p>\n<p>Recomenda\u00e7\u00f5es de Abertura da Embalagem: Retire o lacre e gire a tampa para a esquerda ate a abertura da embalagem.<\/p>\n<p>Primeiros Socorros: Em caso de contato com os olhos e a pele, lavar com agua em abund\u00e2ncia durante 15 minutos. Se a irrita\u00e7\u00e3o persistir, consulte um m\u00e9dico, levando a embalagem ou r\u00f3tulo do produto. Em caso de ingest\u00e3o acidental, n\u00e3o induzir o v\u00f4mito, Consulte um m\u00e9dico imediatamente, levando a embalagem ou o rotulo do produto. Em caso de inala\u00e7\u00e3o ou aspira\u00e7\u00e3o remova a pessoa para local arejado e se houver sinais de intoxica\u00e7\u00e3o chame socorro m\u00e9dico.<\/p>\n<p>Principio Ativo: Cloreto de Didecil Dimetil Am\u00f4nio<\/p>\n<p>Composi\u00e7\u00e3o: Cloreto de Didecil Dimetil Am\u00f4nio, Mistura CMIT\/MT, Coadjuvante e Veiculo.<\/p>\n<p>ATEN\u00c7\u00c3O: Em caso de contato com os olhos e a pele, lavar com agua em abund\u00e2ncia durante 15 minutos. Se a irrita\u00e7\u00e3o persistir, consulte um m\u00e9dico, levando a embalagem ou r\u00f3tulo do produto. Em caso de ingest\u00e3o acidental, n\u00e3o induzir o v\u00f4mito, Consulte um m\u00e9dico imediatamente, levando a embalagem ou o rotulo do produto. Em caso de inala\u00e7\u00e3o ou aspira\u00e7\u00e3o remova a pessoa para local arejado e se houver sinais de intoxica\u00e7\u00e3o chame socorro m\u00e9dico.<\/p>\n","protected":false},"excerpt":{"rendered":"<p>5 Litros de Desinfetante Concentrado Quarten\u00e1rio De Amonia 5\u00aa Gera\u00e7\u00e3o\u2026 Desinfetante Quaten\u00e1rio de Am\u00f4nia, Desintefa, Hirniza e tiras aqueles cheiro que incomoda 5\u00aa Gera\u00e7\u00e3o tem Bactericida Germicida e Fungicida e n\u00e2o tem cheiro e \u00e9 concentrado. O nosso produto foi formulado com quatern\u00e1rios de am\u00f4nio de 5\u00aa gera\u00e7\u00e3o com alto poder desinfetante e eliminador de [&hellip;]<\/p>\n","protected":false},"featured_media":63,"comment_status":"open","ping_status":"closed","template":"","meta":[],"pwb-brand":[30],"product_brand":[],"product_cat":[31],"product_tag":[],"class_list":{"0":"post-62","1":"product","2":"type-product","3":"status-publish","4":"has-post-thumbnail","6":"pwb-brand-carbo-60","7":"product_cat-desinfetante","9":"first","10":"instock","11":"sale","12":"shipping-taxable","13":"purchasable","14":"product-type-simple"},"brands":[{"id":30,"name":"Carbo 60","slug":"carbo-60"}],"_links":{"self":[{"href":"https:\/\/modelos.prodnsserver.com.br\/embalagens\/wp-json\/wp\/v2\/product\/62","targetHints":{"allow":["GET"]}}],"collection":[{"href":"https:\/\/modelos.prodnsserver.com.br\/embalagens\/wp-json\/wp\/v2\/product"}],"about":[{"href":"https:\/\/modelos.prodnsserver.com.br\/embalagens\/wp-json\/wp\/v2\/types\/product"}],"replies":[{"embeddable":true,"href":"https:\/\/modelos.prodnsserver.com.br\/embalagens\/wp-json\/wp\/v2\/comments?post=62"}],"version-history":[{"count":1,"href":"https:\/\/modelos.prodnsserver.com.br\/embalagens\/wp-json\/wp\/v2\/product\/62\/revisions"}],"predecessor-version":[{"id":64,"href":"https:\/\/modelos.prodnsserver.com.br\/embalagens\/wp-json\/wp\/v2\/product\/62\/revisions\/64"}],"wp:featuredmedia":[{"embeddable":true,"href":"https:\/\/modelos.prodnsserver.com.br\/embalagens\/wp-json\/wp\/v2\/media\/63"}],"wp:attachment":[{"href":"https:\/\/modelos.prodnsserver.com.br\/embalagens\/wp-json\/wp\/v2\/media?parent=62"}],"wp:term":[{"taxonomy":"pwb-brand","embeddable":true,"href":"https:\/\/modelos.prodnsserver.com.br\/embalagens\/wp-json\/wp\/v2\/pwb-brand?post=62"},{"taxonomy":"product_brand","embeddable":true,"href":"https:\/\/modelos.prodnsserver.com.br\/embalagens\/wp-json\/wp\/v2\/product_brand?post=62"},{"taxonomy":"product_cat","embeddable":true,"href":"https:\/\/modelos.prodnsserver.com.br\/embalagens\/wp-json\/wp\/v2\/product_cat?post=62"},{"taxonomy":"product_tag","embeddable":true,"href":"https:\/\/modelos.prodnsserver.com.br\/embalagens\/wp-json\/wp\/v2\/product_tag?post=62"}],"curies":[{"name":"wp","href":"https:\/\/api.w.org\/{rel}","templated":true}]}}