{"id":58,"date":"2024-07-10T18:34:41","date_gmt":"2024-07-10T21:34:41","guid":{"rendered":"https:\/\/modelos.prodnsserver.com.br\/embalagens\/?post_type=product&#038;p=58"},"modified":"2024-07-10T18:35:01","modified_gmt":"2024-07-10T21:35:01","slug":"copo-termico-de-isopor-para-bebidas-copobras-120ml-pct-25-unidades","status":"publish","type":"product","link":"https:\/\/modelos.prodnsserver.com.br\/embalagens\/produto\/copo-termico-de-isopor-para-bebidas-copobras-120ml-pct-25-unidades\/","title":{"rendered":"Copo T\u00e9rmico de Isopor para Bebidas Copobras \u2013 120ml \u2013 pct 25 Unidades"},"content":{"rendered":"<p>Os copos t\u00e9rmicos de isopor da Copobras s\u00e3o resistentes \u00e0 temperatura quente e fria, evitando o desconforto t\u00e9rmico do cliente. \u00d3tima rela\u00e7\u00e3o custo x benef\u00edcio. Sugest\u00e3o de uso \u2013 caf\u00e9s, capuccinos, ch\u00e1s, molhos, cerveja, chopp, refrigerante, sucos, degusta\u00e7\u00f5es e doces cremosos.<\/p>\n<p>100% recicl\u00e1vel. O Copo EPS quando descartado corretamente pode se transformar em telhas. Rodap\u00e9s e outros produtos. <strong>\u00c9 compat\u00edvel com a tampa TCT-120<\/strong>.<\/p>\n<ul>\n<li>Altura: 6,5cm;<\/li>\n<li>Di\u00e2metro Boca: 6,8cm;<\/li>\n<li>Composi\u00e7\u00e3o: EPS Isopor.<\/li>\n<li>Cor: Branco;<\/li>\n<li>Capacidade: 120ml;<\/li>\n<li>Quantidade: Pacote com 25 unidades.<\/li>\n<\/ul>\n","protected":false},"excerpt":{"rendered":"<p>Os copos t\u00e9rmicos de isopor da Copobras s\u00e3o resistentes \u00e0 temperatura quente e fria, evitando o desconforto t\u00e9rmico do cliente. \u00d3tima rela\u00e7\u00e3o custo x benef\u00edcio. Sugest\u00e3o de uso \u2013 caf\u00e9s, capuccinos, ch\u00e1s, molhos, cerveja, chopp, refrigerante, sucos, degusta\u00e7\u00f5es e doces cremosos. 100% recicl\u00e1vel. O Copo EPS quando descartado corretamente pode se transformar em telhas. Rodap\u00e9s [&hellip;]<\/p>\n","protected":false},"featured_media":59,"comment_status":"open","ping_status":"closed","template":"","meta":[],"pwb-brand":[29],"product_brand":[],"product_cat":[20],"product_tag":[],"class_list":{"0":"post-58","1":"product","2":"type-product","3":"status-publish","4":"has-post-thumbnail","6":"pwb-brand-copobras","7":"product_cat-copo","9":"first","10":"instock","11":"sale","12":"shipping-taxable","13":"purchasable","14":"product-type-simple"},"brands":[{"id":29,"name":"Copobras","slug":"copobras"}],"_links":{"self":[{"href":"https:\/\/modelos.prodnsserver.com.br\/embalagens\/wp-json\/wp\/v2\/product\/58","targetHints":{"allow":["GET"]}}],"collection":[{"href":"https:\/\/modelos.prodnsserver.com.br\/embalagens\/wp-json\/wp\/v2\/product"}],"about":[{"href":"https:\/\/modelos.prodnsserver.com.br\/embalagens\/wp-json\/wp\/v2\/types\/product"}],"replies":[{"embeddable":true,"href":"https:\/\/modelos.prodnsserver.com.br\/embalagens\/wp-json\/wp\/v2\/comments?post=58"}],"version-history":[{"count":2,"href":"https:\/\/modelos.prodnsserver.com.br\/embalagens\/wp-json\/wp\/v2\/product\/58\/revisions"}],"predecessor-version":[{"id":61,"href":"https:\/\/modelos.prodnsserver.com.br\/embalagens\/wp-json\/wp\/v2\/product\/58\/revisions\/61"}],"wp:featuredmedia":[{"embeddable":true,"href":"https:\/\/modelos.prodnsserver.com.br\/embalagens\/wp-json\/wp\/v2\/media\/59"}],"wp:attachment":[{"href":"https:\/\/modelos.prodnsserver.com.br\/embalagens\/wp-json\/wp\/v2\/media?parent=58"}],"wp:term":[{"taxonomy":"pwb-brand","embeddable":true,"href":"https:\/\/modelos.prodnsserver.com.br\/embalagens\/wp-json\/wp\/v2\/pwb-brand?post=58"},{"taxonomy":"product_brand","embeddable":true,"href":"https:\/\/modelos.prodnsserver.com.br\/embalagens\/wp-json\/wp\/v2\/product_brand?post=58"},{"taxonomy":"product_cat","embeddable":true,"href":"https:\/\/modelos.prodnsserver.com.br\/embalagens\/wp-json\/wp\/v2\/product_cat?post=58"},{"taxonomy":"product_tag","embeddable":true,"href":"https:\/\/modelos.prodnsserver.com.br\/embalagens\/wp-json\/wp\/v2\/product_tag?post=58"}],"curies":[{"name":"wp","href":"https:\/\/api.w.org\/{rel}","templated":true}]}}