{"id":49,"date":"2024-07-10T18:32:15","date_gmt":"2024-07-10T21:32:15","guid":{"rendered":"https:\/\/modelos.prodnsserver.com.br\/embalagens\/?post_type=product&#038;p=49"},"modified":"2024-07-10T18:32:20","modified_gmt":"2024-07-10T21:32:20","slug":"copo-plastico-descartavel-estriado-transparente-300ml-cx-2000-unidades-cx20x100","status":"publish","type":"product","link":"https:\/\/modelos.prodnsserver.com.br\/embalagens\/produto\/copo-plastico-descartavel-estriado-transparente-300ml-cx-2000-unidades-cx20x100\/","title":{"rendered":"Copo Pl\u00e1stico Descart\u00e1vel Estriado Transparente \u2013 300ml \u2013 CX 2000 Unidades (CX20x100)"},"content":{"rendered":"<p>Os copos pl\u00e1sticos s\u00e3o essenciais para servir o seu ch\u00e1 ou caf\u00e9zinho da manh\u00e3 ou da tarde, para beber sua \u00e1gua, seu refrigerante e diversas outras utilidades. Seu material \u00e9 resistente, feito em PS (poliestireno) at\u00f3xico, ideal para uso no cotidiano ou em empresas, com\u00e9rcios, festas e almo\u00e7os em geral. \u00c9 recicl\u00e1vel e livre de BPA.<\/p>\n<p>&nbsp;<\/p>\n<ul>\n<li>Marca: Coposul;<\/li>\n<li>Di\u00e2metro: 7,8cm;<\/li>\n<li>Altura: 10cm;<\/li>\n<li>Modelo: Transparente Estriado;<\/li>\n<li>Composi\u00e7\u00e3o: Poliestireno;<\/li>\n<li>Temperatura M\u00e1xima de Uso: 100\u00baC;<\/li>\n<li>Validade: Produto n\u00e3o perec\u00edvel, validade indeterminada;<\/li>\n<li>Capacidade: 300ml;<\/li>\n<li>Quantidade: Caixa com 2000 Unidades (20x100pct).<\/li>\n<\/ul>\n","protected":false},"excerpt":{"rendered":"<p>Os copos pl\u00e1sticos s\u00e3o essenciais para servir o seu ch\u00e1 ou caf\u00e9zinho da manh\u00e3 ou da tarde, para beber sua \u00e1gua, seu refrigerante e diversas outras utilidades. Seu material \u00e9 resistente, feito em PS (poliestireno) at\u00f3xico, ideal para uso no cotidiano ou em empresas, com\u00e9rcios, festas e almo\u00e7os em geral. \u00c9 recicl\u00e1vel e livre de [&hellip;]<\/p>\n","protected":false},"featured_media":50,"comment_status":"open","ping_status":"closed","template":"","meta":[],"pwb-brand":[28],"product_brand":[],"product_cat":[20],"product_tag":[],"class_list":{"0":"post-49","1":"product","2":"type-product","3":"status-publish","4":"has-post-thumbnail","6":"pwb-brand-coposul","7":"product_cat-copo","9":"first","10":"instock","11":"sale","12":"shipping-taxable","13":"purchasable","14":"product-type-simple"},"brands":[{"id":28,"name":"Coposul","slug":"coposul"}],"_links":{"self":[{"href":"https:\/\/modelos.prodnsserver.com.br\/embalagens\/wp-json\/wp\/v2\/product\/49","targetHints":{"allow":["GET"]}}],"collection":[{"href":"https:\/\/modelos.prodnsserver.com.br\/embalagens\/wp-json\/wp\/v2\/product"}],"about":[{"href":"https:\/\/modelos.prodnsserver.com.br\/embalagens\/wp-json\/wp\/v2\/types\/product"}],"replies":[{"embeddable":true,"href":"https:\/\/modelos.prodnsserver.com.br\/embalagens\/wp-json\/wp\/v2\/comments?post=49"}],"version-history":[{"count":1,"href":"https:\/\/modelos.prodnsserver.com.br\/embalagens\/wp-json\/wp\/v2\/product\/49\/revisions"}],"predecessor-version":[{"id":51,"href":"https:\/\/modelos.prodnsserver.com.br\/embalagens\/wp-json\/wp\/v2\/product\/49\/revisions\/51"}],"wp:featuredmedia":[{"embeddable":true,"href":"https:\/\/modelos.prodnsserver.com.br\/embalagens\/wp-json\/wp\/v2\/media\/50"}],"wp:attachment":[{"href":"https:\/\/modelos.prodnsserver.com.br\/embalagens\/wp-json\/wp\/v2\/media?parent=49"}],"wp:term":[{"taxonomy":"pwb-brand","embeddable":true,"href":"https:\/\/modelos.prodnsserver.com.br\/embalagens\/wp-json\/wp\/v2\/pwb-brand?post=49"},{"taxonomy":"product_brand","embeddable":true,"href":"https:\/\/modelos.prodnsserver.com.br\/embalagens\/wp-json\/wp\/v2\/product_brand?post=49"},{"taxonomy":"product_cat","embeddable":true,"href":"https:\/\/modelos.prodnsserver.com.br\/embalagens\/wp-json\/wp\/v2\/product_cat?post=49"},{"taxonomy":"product_tag","embeddable":true,"href":"https:\/\/modelos.prodnsserver.com.br\/embalagens\/wp-json\/wp\/v2\/product_tag?post=49"}],"curies":[{"name":"wp","href":"https:\/\/api.w.org\/{rel}","templated":true}]}}