{"id":46,"date":"2024-07-10T18:29:53","date_gmt":"2024-07-10T21:29:53","guid":{"rendered":"https:\/\/modelos.prodnsserver.com.br\/embalagens\/?post_type=product&#038;p=46"},"modified":"2024-07-10T18:29:55","modified_gmt":"2024-07-10T21:29:55","slug":"catchup-tradicional-sache-caixa-c-192-x-7g-dajuda","status":"publish","type":"product","link":"https:\/\/modelos.prodnsserver.com.br\/embalagens\/produto\/catchup-tradicional-sache-caixa-c-192-x-7g-dajuda\/","title":{"rendered":"Catchup Tradicional Sach\u00ea Caixa C\/192 X 7g \u2013 Dajuda"},"content":{"rendered":"<p>Catchup Tradicional D\u2019ajuda \u2013 Sach\u00ea 7g<\/p>\n<p>Caixa com 192 Unidades<\/p>\n<p>INGREDIENTES<br \/>\nTomate, A\u00e7\u00facar, Vinagre, Sal, Amido Modificado, Polpa de Pimenta, Condimentos, Aromatizante e Conservador: Sorbato de Pot\u00e1ssio.<\/p>\n<p>CONT\u00c9M DERIVADO DE SOJA.<br \/>\nN\u00c3O CONT\u00c9M GL\u00daTEN.<\/p>\n","protected":false},"excerpt":{"rendered":"<p>Catchup Tradicional D\u2019ajuda \u2013 Sach\u00ea 7g Caixa com 192 Unidades INGREDIENTES Tomate, A\u00e7\u00facar, Vinagre, Sal, Amido Modificado, Polpa de Pimenta, Condimentos, Aromatizante e Conservador: Sorbato de Pot\u00e1ssio. CONT\u00c9M DERIVADO DE SOJA. N\u00c3O CONT\u00c9M GL\u00daTEN.<\/p>\n","protected":false},"featured_media":47,"comment_status":"open","ping_status":"closed","template":"","meta":[],"pwb-brand":[27],"product_brand":[],"product_cat":[26],"product_tag":[],"class_list":{"0":"post-46","1":"product","2":"type-product","3":"status-publish","4":"has-post-thumbnail","6":"pwb-brand-dajuda","7":"product_cat-molhos-e-temperos","9":"first","10":"instock","11":"sale","12":"shipping-taxable","13":"purchasable","14":"product-type-simple"},"brands":[{"id":27,"name":"Dajuda","slug":"dajuda"}],"_links":{"self":[{"href":"https:\/\/modelos.prodnsserver.com.br\/embalagens\/wp-json\/wp\/v2\/product\/46","targetHints":{"allow":["GET"]}}],"collection":[{"href":"https:\/\/modelos.prodnsserver.com.br\/embalagens\/wp-json\/wp\/v2\/product"}],"about":[{"href":"https:\/\/modelos.prodnsserver.com.br\/embalagens\/wp-json\/wp\/v2\/types\/product"}],"replies":[{"embeddable":true,"href":"https:\/\/modelos.prodnsserver.com.br\/embalagens\/wp-json\/wp\/v2\/comments?post=46"}],"version-history":[{"count":1,"href":"https:\/\/modelos.prodnsserver.com.br\/embalagens\/wp-json\/wp\/v2\/product\/46\/revisions"}],"predecessor-version":[{"id":48,"href":"https:\/\/modelos.prodnsserver.com.br\/embalagens\/wp-json\/wp\/v2\/product\/46\/revisions\/48"}],"wp:featuredmedia":[{"embeddable":true,"href":"https:\/\/modelos.prodnsserver.com.br\/embalagens\/wp-json\/wp\/v2\/media\/47"}],"wp:attachment":[{"href":"https:\/\/modelos.prodnsserver.com.br\/embalagens\/wp-json\/wp\/v2\/media?parent=46"}],"wp:term":[{"taxonomy":"pwb-brand","embeddable":true,"href":"https:\/\/modelos.prodnsserver.com.br\/embalagens\/wp-json\/wp\/v2\/pwb-brand?post=46"},{"taxonomy":"product_brand","embeddable":true,"href":"https:\/\/modelos.prodnsserver.com.br\/embalagens\/wp-json\/wp\/v2\/product_brand?post=46"},{"taxonomy":"product_cat","embeddable":true,"href":"https:\/\/modelos.prodnsserver.com.br\/embalagens\/wp-json\/wp\/v2\/product_cat?post=46"},{"taxonomy":"product_tag","embeddable":true,"href":"https:\/\/modelos.prodnsserver.com.br\/embalagens\/wp-json\/wp\/v2\/product_tag?post=46"}],"curies":[{"name":"wp","href":"https:\/\/api.w.org\/{rel}","templated":true}]}}