{"id":144,"date":"2024-07-10T22:27:34","date_gmt":"2024-07-11T01:27:34","guid":{"rendered":"https:\/\/modelos.prodnsserver.com.br\/embalagens\/?post_type=product&#038;p=144"},"modified":"2024-07-10T22:27:45","modified_gmt":"2024-07-11T01:27:45","slug":"agua-sanitaria-2-litros-triex-unidade","status":"publish","type":"product","link":"https:\/\/modelos.prodnsserver.com.br\/embalagens\/produto\/agua-sanitaria-2-litros-triex-unidade\/","title":{"rendered":"Agua Sanit\u00e1ria 2 Litros Triex \u2013 Unidade"},"content":{"rendered":"<div id=\"tab-description\" class=\"woocommerce-Tabs-panel woocommerce-Tabs-panel--description panel entry-content wc-tab\" role=\"tabpanel\" aria-labelledby=\"tab-title-description\">\n<p><b>Agua Sanitaria 2 Litros<\/b><br \/>\nMarca : Triex<br \/>\nCor Predominante : Transparente<br \/>\nTamanho : 11\u00d711\u00d730cm<br \/>\nCaracteristicas Principais : Bactericida, desinfetante e desodorizante.<br \/>\nIndicado para : Limpeza geral<br \/>\nCapacidade : 2 litros<br \/>\nInforma\u00e7\u00f5es do Produto : A \u00c1gua Sanit\u00e1ria Triex \u00e9 extremamente eficaz e segura, pois possui o teor de cloro ativo ideal.<br \/>\nAl\u00e9m de ser indicado para limpeza geral de toda a casa, pode ser usado para desinfec\u00e7\u00e3o de frutas, verduras e legumes, lavagem de roupas brancas, e no combate ao crescimento de larvas do mosquito da dengue, limpeza de caixas d\u2019\u00e1gua, etc.<br \/>\nAntes de usar o produto, leia as instru\u00e7\u00f5es do r\u00f3tulo.<\/p>\n<p>OBS* : Imagens Meramente Ilustrativas<\/p>\n<\/div>\n","protected":false},"excerpt":{"rendered":"<p>Agua Sanitaria 2 Litros Marca : Triex Cor Predominante : Transparente Tamanho : 11\u00d711\u00d730cm Caracteristicas Principais : Bactericida, desinfetante e desodorizante. Indicado para : Limpeza geral Capacidade : 2 litros Informa\u00e7\u00f5es do Produto : A \u00c1gua Sanit\u00e1ria Triex \u00e9 extremamente eficaz e segura, pois possui o teor de cloro ativo ideal. Al\u00e9m de ser indicado [&hellip;]<\/p>\n","protected":false},"featured_media":145,"comment_status":"open","ping_status":"closed","template":"","meta":[],"pwb-brand":[40],"product_brand":[],"product_cat":[39],"product_tag":[],"class_list":{"0":"post-144","1":"product","2":"type-product","3":"status-publish","4":"has-post-thumbnail","6":"pwb-brand-triex","7":"product_cat-agua-sanitaria","9":"first","10":"instock","11":"sale","12":"shipping-taxable","13":"purchasable","14":"product-type-simple"},"brands":[{"id":40,"name":"Triex","slug":"triex"}],"_links":{"self":[{"href":"https:\/\/modelos.prodnsserver.com.br\/embalagens\/wp-json\/wp\/v2\/product\/144","targetHints":{"allow":["GET"]}}],"collection":[{"href":"https:\/\/modelos.prodnsserver.com.br\/embalagens\/wp-json\/wp\/v2\/product"}],"about":[{"href":"https:\/\/modelos.prodnsserver.com.br\/embalagens\/wp-json\/wp\/v2\/types\/product"}],"replies":[{"embeddable":true,"href":"https:\/\/modelos.prodnsserver.com.br\/embalagens\/wp-json\/wp\/v2\/comments?post=144"}],"version-history":[{"count":2,"href":"https:\/\/modelos.prodnsserver.com.br\/embalagens\/wp-json\/wp\/v2\/product\/144\/revisions"}],"predecessor-version":[{"id":147,"href":"https:\/\/modelos.prodnsserver.com.br\/embalagens\/wp-json\/wp\/v2\/product\/144\/revisions\/147"}],"wp:featuredmedia":[{"embeddable":true,"href":"https:\/\/modelos.prodnsserver.com.br\/embalagens\/wp-json\/wp\/v2\/media\/145"}],"wp:attachment":[{"href":"https:\/\/modelos.prodnsserver.com.br\/embalagens\/wp-json\/wp\/v2\/media?parent=144"}],"wp:term":[{"taxonomy":"pwb-brand","embeddable":true,"href":"https:\/\/modelos.prodnsserver.com.br\/embalagens\/wp-json\/wp\/v2\/pwb-brand?post=144"},{"taxonomy":"product_brand","embeddable":true,"href":"https:\/\/modelos.prodnsserver.com.br\/embalagens\/wp-json\/wp\/v2\/product_brand?post=144"},{"taxonomy":"product_cat","embeddable":true,"href":"https:\/\/modelos.prodnsserver.com.br\/embalagens\/wp-json\/wp\/v2\/product_cat?post=144"},{"taxonomy":"product_tag","embeddable":true,"href":"https:\/\/modelos.prodnsserver.com.br\/embalagens\/wp-json\/wp\/v2\/product_tag?post=144"}],"curies":[{"name":"wp","href":"https:\/\/api.w.org\/{rel}","templated":true}]}}