{"id":130,"date":"2024-07-10T19:51:54","date_gmt":"2024-07-10T22:51:54","guid":{"rendered":"https:\/\/modelos.prodnsserver.com.br\/embalagens\/?post_type=product&#038;p=130"},"modified":"2024-07-10T19:53:09","modified_gmt":"2024-07-10T22:53:09","slug":"detergente-neutro-500ml-ype","status":"publish","type":"product","link":"https:\/\/modelos.prodnsserver.com.br\/embalagens\/produto\/detergente-neutro-500ml-ype\/","title":{"rendered":"Detergente Neutro 500ml Yp\u00ea"},"content":{"rendered":"<p>O Lava-Lou\u00e7as Yp\u00ea \u00e9 resultado de um grande investimento em tecnologia. Sua f\u00f3rmula re\u00fane tudo o que se deseja de um Lava-Lou\u00e7as l\u00edquido: rendimento com efici\u00eancia de limpeza, proporcionando economia real. Sem desperd\u00edcio, voc\u00ea garante a limpeza gastando menos.<br \/>\nSua composi\u00e7\u00e3o possui tensoativos biodegrad\u00e1veis, com alto poder de limpeza, na medida certa para a completa remo\u00e7\u00e3o das sujidades, al\u00e9m disso o produto possui pH neutro e \u00e9 dermatologicamente testado.<\/p>\n<p>Yp\u00ea a tecnologia Toque Suave, presente na vers\u00e3o Neutro, com ingredientes que proporcionam sensa\u00e7\u00e3o de suavidade na hora da lavagem.<\/p>\n<p>Cor: Amarelo<\/p>\n<p>Fragr\u00e2ncia: Neutro<\/p>\n<p>Embalagem: 01 unidade com 500ml<\/p>\n","protected":false},"excerpt":{"rendered":"<p>O Lava-Lou\u00e7as Yp\u00ea \u00e9 resultado de um grande investimento em tecnologia. Sua f\u00f3rmula re\u00fane tudo o que se deseja de um Lava-Lou\u00e7as l\u00edquido: rendimento com efici\u00eancia de limpeza, proporcionando economia real. Sem desperd\u00edcio, voc\u00ea garante a limpeza gastando menos. Sua composi\u00e7\u00e3o possui tensoativos biodegrad\u00e1veis, com alto poder de limpeza, na medida certa para a completa [&hellip;]<\/p>\n","protected":false},"featured_media":131,"comment_status":"open","ping_status":"closed","template":"","meta":[],"pwb-brand":[35],"product_brand":[],"product_cat":[36],"product_tag":[],"class_list":{"0":"post-130","1":"product","2":"type-product","3":"status-publish","4":"has-post-thumbnail","6":"pwb-brand-ype","7":"product_cat-detergente","9":"first","10":"instock","11":"sale","12":"shipping-taxable","13":"purchasable","14":"product-type-simple"},"brands":[{"id":35,"name":"Yp\u00ea","slug":"ype"}],"_links":{"self":[{"href":"https:\/\/modelos.prodnsserver.com.br\/embalagens\/wp-json\/wp\/v2\/product\/130","targetHints":{"allow":["GET"]}}],"collection":[{"href":"https:\/\/modelos.prodnsserver.com.br\/embalagens\/wp-json\/wp\/v2\/product"}],"about":[{"href":"https:\/\/modelos.prodnsserver.com.br\/embalagens\/wp-json\/wp\/v2\/types\/product"}],"replies":[{"embeddable":true,"href":"https:\/\/modelos.prodnsserver.com.br\/embalagens\/wp-json\/wp\/v2\/comments?post=130"}],"version-history":[{"count":1,"href":"https:\/\/modelos.prodnsserver.com.br\/embalagens\/wp-json\/wp\/v2\/product\/130\/revisions"}],"predecessor-version":[{"id":132,"href":"https:\/\/modelos.prodnsserver.com.br\/embalagens\/wp-json\/wp\/v2\/product\/130\/revisions\/132"}],"wp:featuredmedia":[{"embeddable":true,"href":"https:\/\/modelos.prodnsserver.com.br\/embalagens\/wp-json\/wp\/v2\/media\/131"}],"wp:attachment":[{"href":"https:\/\/modelos.prodnsserver.com.br\/embalagens\/wp-json\/wp\/v2\/media?parent=130"}],"wp:term":[{"taxonomy":"pwb-brand","embeddable":true,"href":"https:\/\/modelos.prodnsserver.com.br\/embalagens\/wp-json\/wp\/v2\/pwb-brand?post=130"},{"taxonomy":"product_brand","embeddable":true,"href":"https:\/\/modelos.prodnsserver.com.br\/embalagens\/wp-json\/wp\/v2\/product_brand?post=130"},{"taxonomy":"product_cat","embeddable":true,"href":"https:\/\/modelos.prodnsserver.com.br\/embalagens\/wp-json\/wp\/v2\/product_cat?post=130"},{"taxonomy":"product_tag","embeddable":true,"href":"https:\/\/modelos.prodnsserver.com.br\/embalagens\/wp-json\/wp\/v2\/product_tag?post=130"}],"curies":[{"name":"wp","href":"https:\/\/api.w.org\/{rel}","templated":true}]}}